{"id":11,"date":"2012-12-11T12:58:07","date_gmt":"2012-12-11T12:58:07","guid":{"rendered":"http:\/\/przedszkola-montessori.pl\/?page_id=11"},"modified":"2016-07-19T11:55:55","modified_gmt":"2016-07-19T11:55:55","slug":"our-teachers","status":"publish","type":"page","link":"https:\/\/przedszkola-montessori.pl\/?page_id=11","title":{"rendered":"Nasze Warto\u015bci"},"content":{"rendered":"<h1 align=\"JUSTIFY\"><a name=\"_GoBack\"><\/a><span style=\"color: #000000;\">Nasze warto\u015bci:<\/span><\/h1>\n<p align=\"JUSTIFY\"><span style=\"color: #000000;\"><strong>B\u0104D\u0179 DOBRY<\/strong> \u2013 dla ludzi, dla zwierz\u0105t, dla ro\u015blin, dla \u015bwiata.<\/span><\/p>\n<p>&nbsp;<\/p>\n<p align=\"JUSTIFY\"><span style=\"color: #000000;\"><strong>B\u0104D\u0179 KREATYWNY<\/strong> \u2013 szukaj tw\u00f3rczych rozwi\u0105za\u0144, tw\u00f3rz tak, jak czujesz; wszystkie pomys\u0142y s\u0105 \u015bwietne, bo s\u0105 Twoje.<\/span><\/p>\n<p>&nbsp;<\/p>\n<p align=\"JUSTIFY\"><span style=\"color: #000000;\"><strong>B\u0104D\u0179 POMOCNY<\/strong> \u2013 rozgl\u0105daj si\u0119, czy nie mo\u017cesz sprawi\u0107 rado\u015bci swoim wsparciem.<\/span><\/p>\n<p>&nbsp;<\/p>\n<p align=\"JUSTIFY\"><span style=\"color: #000000;\"><strong>B\u0104D\u0179 ODPOWIEDZIALNY<\/strong> \u2013 za innych i za siebie, za swoje decyzje i dzia\u0142ania, kt\u00f3re mog\u0105 zmieni\u0107 \u015bwiat.<\/span><\/p>\n<p>&nbsp;<\/p>\n<p align=\"JUSTIFY\"><span style=\"color: #000000;\"><strong>B\u0104D\u0179 OTWARTY<\/strong> \u2013 na \u015bwiat, na ludzi i nowe rozwi\u0105zania.<\/span><\/p>\n<p>&nbsp;<\/p>\n<p align=\"JUSTIFY\"><span style=\"color: #000000;\"><strong>B\u0104D\u0179 ODWA\u017bNY<\/strong> \u2013 w prezentowaniu swoich pogl\u0105d\u00f3w i spe\u0142nianiu marze\u0144.<\/span><\/p>\n<p>&nbsp;<\/p>\n<p align=\"JUSTIFY\"><span style=\"color: #000000;\"><strong>B\u0104D\u0179 UCZCIWY<\/strong> \u2013 szanuj prac\u0119 innych, b\u0105d\u017a lojalny, bo budowanie dobrych relacji, rodzi akceptacj\u0119, blisko\u015b\u0107 i szacunek.<\/span><\/p>\n<p>&nbsp;<\/p>\n<p align=\"JUSTIFY\"><span style=\"color: #000000;\"><strong>B\u0104D\u0179 SZCZ\u0118\u015aLIWY<\/strong> \u2013 dorastaj w zami\u0142owaniu do porz\u0105dku, w kontakcie z rzeczywisto\u015bci\u0105, a nie jej wyobra\u017ceniem. Bez negatywnego wsp\u00f3\u0142zawodnictwa, w poczuciu w\u0142asnej warto\u015bci, niezale\u017cnie od kar, nagr\u00f3d i oceny innych.<\/span><\/p>\n<p>&nbsp;<\/p>\n<p align=\"JUSTIFY\"><span style=\"color: #000000;\"><strong>B\u0104D\u0179 TOLERANCYJNY<\/strong> \u2013 dla odmienno\u015bci kulturowej, religijnej i narodowo\u015bciowej, dla indywidualno\u015bci ka\u017cdego cz\u0142owieka.<\/span><\/p>\n<p>&nbsp;<\/p>\n<p align=\"JUSTIFY\"><span style=\"color: #000000;\"><strong>B\u0104D\u0179 CIEKAWY \u015aWIATA<\/strong> \u2013 do\u015bwiadczaj, nie przestawaj odkrywa\u0107 tych wielkich i tych ma\u0142ych rzeczy. Zachwy\u0107 si\u0119 tym, co Ci\u0119 otacza.<\/span><\/p>\n<p>&nbsp;<\/p>\n<p align=\"JUSTIFY\"><span style=\"color: #000000;\"><strong>B\u0104D\u0179 SOB\u0104<\/strong> \u2013 samodzielnie dokonuj wybor\u00f3w, s\u0142uchaj innych, ale nie ulegaj ich wp\u0142ywom, je\u015bli s\u0105 niezgodne z Twoimi przekonaniami. <\/span><\/p>\n<p>&nbsp;<\/p>\n<p align=\"JUSTIFY\"><strong><span style=\"color: #000000;\">B\u0104D\u0179\u2026 MONTESSORI.<\/span><\/strong><\/p>\n","protected":false},"excerpt":{"rendered":"<p>zobacz, co jest dla nas wa\u017cne<\/p>\n","protected":false},"author":1,"featured_media":701,"parent":5,"menu_order":0,"comment_status":"open","ping_status":"open","template":"","meta":{"footnotes":""},"class_list":["post-11","page","type-page","status-publish","has-post-thumbnail","hentry"],"_links":{"self":[{"href":"https:\/\/przedszkola-montessori.pl\/index.php?rest_route=\/wp\/v2\/pages\/11","targetHints":{"allow":["GET"]}}],"collection":[{"href":"https:\/\/przedszkola-montessori.pl\/index.php?rest_route=\/wp\/v2\/pages"}],"about":[{"href":"https:\/\/przedszkola-montessori.pl\/index.php?rest_route=\/wp\/v2\/types\/page"}],"author":[{"embeddable":true,"href":"https:\/\/przedszkola-montessori.pl\/index.php?rest_route=\/wp\/v2\/users\/1"}],"replies":[{"embeddable":true,"href":"https:\/\/przedszkola-montessori.pl\/index.php?rest_route=%2Fwp%2Fv2%2Fcomments&post=11"}],"version-history":[{"count":11,"href":"https:\/\/przedszkola-montessori.pl\/index.php?rest_route=\/wp\/v2\/pages\/11\/revisions"}],"predecessor-version":[{"id":670,"href":"https:\/\/przedszkola-montessori.pl\/index.php?rest_route=\/wp\/v2\/pages\/11\/revisions\/670"}],"up":[{"embeddable":true,"href":"https:\/\/przedszkola-montessori.pl\/index.php?rest_route=\/wp\/v2\/pages\/5"}],"wp:featuredmedia":[{"embeddable":true,"href":"https:\/\/przedszkola-montessori.pl\/index.php?rest_route=\/wp\/v2\/media\/701"}],"wp:attachment":[{"href":"https:\/\/przedszkola-montessori.pl\/index.php?rest_route=%2Fwp%2Fv2%2Fmedia&parent=11"}],"curies":[{"name":"wp","href":"https:\/\/api.w.org\/{rel}","templated":true}]}}