{"id":13,"date":"2012-12-11T12:58:20","date_gmt":"2012-12-11T12:58:20","guid":{"rendered":"http:\/\/przedszkola-montessori.pl\/?page_id=13"},"modified":"2025-01-02T11:36:57","modified_gmt":"2025-01-02T11:36:57","slug":"rewards","status":"publish","type":"page","link":"https:\/\/przedszkola-montessori.pl\/?page_id=13","title":{"rendered":"Tak pracujemy"},"content":{"rendered":"<h1>Tak pracujemy\u2026<\/h1>\n<ul>\n<li>\n<p align=\"JUSTIFY\">Dzieci czuj\u0105 si\u0119 dobrze tam, gdzie s\u0105 bezpieczne. Nasze przedszkola to kameralne miejsca skupiaj\u0105ce ludzi otwartych na potrzeby dzieci. W swojej pracy staramy si\u0119 by\u0107 przewodnikami dzieci, wspiera\u0107 ich mo\u017cliwo\u015bci rozwojowe, by zbudowa\u0107 solidny fundament do dalszego, zr\u00f3wnowa\u017conego rozwoju i \u017cycia we wsp\u00f3\u0142czesnym \u015bwiecie.<\/p>\n<\/li>\n<\/ul>\n<ul>\n<li>\n<p align=\"JUSTIFY\">Dzieci maj\u0105 tu czas zar\u00f3wno na poznawanie, do\u015bwiadczanie jak i odpoczynek oraz zabaw\u0119 z innymi dzie\u0107mi. Nikt nie jest w stanie uczy\u0107 si\u0119, czy rosn\u0105\u0107 za dziecko. Ono samo dokonuje tego zgodnie ze swoim potencja\u0142em, we w\u0142asnym tempie. Naszym celem jest pomoc ka\u017cdemu dziecku w jego harmonijnym rozwoju. W pe\u0142ni szanujemy jego godno\u015b\u0107, wolno\u015b\u0107 i indywidualno\u015b\u0107.<\/p>\n<\/li>\n<\/ul>\n<ul>\n<li>\n<p align=\"JUSTIFY\">Drogowskazem w pracy pedagogicznej, jest dla nas pedagogika Montessori. Wieloletnie do\u015bwiadczenie w pracy z dzie\u0107mi, utwierdza nas w przekonaniu, \u017ce ta metoda daje dzieciom mo\u017cliwo\u015b\u0107 ca\u0142o\u015bciowego, harmonijnego rozwoju i wykorzystania ich naturalnego potencja\u0142u. Pozwala te\u017c rozwija\u0107 samodzielno\u015b\u0107 i wewn\u0119trzn\u0105 dyscyplin\u0119. Odpowiada naturalnej dzieci\u0119cej potrzebie uczenia si\u0119 poprzez do\u015bwiadczanie, obserwacj\u0119, powtarzanie, odkrywanie i interakcje z rzeczywistym otoczeniem.<\/p>\n<\/li>\n<li>\n<p align=\"JUSTIFY\">W naszej codziennej pracy, czerpiemy r\u00f3wnie\u017c z nurt\u00f3w: porozumienia bez przemocy, komunikacji Thomasa Gordona i edukacji demokratycznej.<\/p>\n<\/li>\n<\/ul>\n<ul>\n<li>\n<p align=\"JUSTIFY\">Pomagamy ka\u017cdemu dziecku w rozwini\u0119ciu pewno\u015bci siebie. W pedagogice Montessori, zadania przygotowane s\u0105 w taki spos\u00f3b, aby ka\u017cdy nowy krok opiera\u0142 si\u0119 na umiej\u0119tno\u015bciach, kt\u00f3re dziecko ju\u017c opanowa\u0142o, eliminuj\u0105c dzi\u0119ki temu negatywne do\u015bwiadczenie pora\u017cki. Dok\u0142adnie zaplanowana seria sukces\u00f3w wzmacnia w dziecku wewn\u0119trzn\u0105 pewno\u015b\u0107 siebie zapewniaj\u0105c je, \u017ce mo\u017ce uczy\u0107 si\u0119 samo. Takie buduj\u0105ce poczucie w\u0142asnej warto\u015bci zadania, maj\u0105 wp\u0142yw na r\u00f3wnowag\u0119 emocjonaln\u0105 dziecka.<\/p>\n<\/li>\n<\/ul>\n<ul>\n<li>\n<p align=\"JUSTIFY\"><a name=\"_GoBack\"><\/a> Stwarzamy \u015brodowisko, kt\u00f3re jest ciekawe i inspiruj\u0105ce, ale\u00a0jednocze\u015bnie chroni dzieci przed przestymulowaniem nadmiarem bod\u017ac\u00f3w. Bardzo wa\u017cne jest dla nas, aby dzieci by\u0142y niezale\u017cne, potrafi\u0142y dokonywa\u0107 w\u0142asnych wybor\u00f3w i szuka\u0107 tw\u00f3rczych rozwi\u0105za\u0144. Piel\u0119gnujemy w\u00a0nich wrodzon\u0105 ciekawo\u015b\u0107 i otwarto\u015b\u0107. Dbamy, aby podczas codziennej pracy towarzyszy\u0142a im rado\u015b\u0107 i satysfakcja z odkrywania i do\u015bwiadczania \u015bwiata. Sta\u0142\u0105 aktywno\u015bci\u0105 przedszkolak\u00f3w jest sp\u0119dzanie czasu na \u015bwie\u017cym powietrzu &#8211; o ka\u017cdej porze roku.<\/p>\n<\/li>\n<\/ul>\n<ul>\n<li>\n<p align=\"JUSTIFY\">\u201ePom\u00f3\u017c mi to zrobi\u0107 samemu\u201d\u00a0\u2013 zgodnie z t\u0105 maksym\u0105, kierujemy si\u0119 przede wszystkim szacunkiem dla wolno\u015bci i\u00a0podmiotowo\u015bci dzieci. Dzieci pracuj\u0105 z wybranymi przez siebie pomocami indywidualnie lub grupowo. Same\u00a0decyduj\u0105 o formie, miejscu oraz czasie pracy. Dzi\u0119ki zasadzie wolno\u015bci i swobody w\u00a0dzia\u0142aniu ucz\u0105 si\u0119 samodzielno\u015bci, dokonywania wybor\u00f3w i brania za nie\u00a0odpowiedzialno\u015bci.<\/p>\n<\/li>\n<\/ul>\n<ul>\n<li>\n<p align=\"JUSTIFY\">W naszych przedszkolach grupy s\u0105 r\u00f3\u017cnowiekowe. Dzieci m\u0142odsze czerpi\u0105 korzy\u015bci z wskaz\u00f3wek oraz stymulacji wyp\u0142ywaj\u0105cej od dzieci starszych, podczas gdy starsze dzieci zyskuj\u0105 dodatkowe poczucie swojej warto\u015bci i samodzielno\u015bci, pomagaj\u0105c m\u0142odszym. Dzieci zawsze mog\u0105 znale\u017a\u0107 kogo\u015b, kto pracuje na ich poziomie bez wzgl\u0119du na wiek. Dzieci ucz\u0105 si\u0119 gospodarowania wsp\u00f3lnymi zasobami, rozwi\u0105zywania konflikt\u00f3w, wzajemnego szacunku i otwarto\u015bci na potrzeby drugiej osoby.<\/p>\n<\/li>\n<\/ul>\n","protected":false},"excerpt":{"rendered":"<p>Tak pracujemy\u2026 Dzieci czuj\u0105 si\u0119 dobrze tam, gdzie s\u0105 bezpieczne. Nasze przedszkola to kameralne miejsca skupiaj\u0105ce ludzi otwartych na potrzeby dzieci. W swojej pracy staramy si\u0119 by\u0107 przewodnikami dzieci, wspiera\u0107 ich mo\u017cliwo\u015bci rozwojowe, by zbudowa\u0107 solidny fundament do dalszego, zr\u00f3wnowa\u017conego rozwoju i \u017cycia we wsp\u00f3\u0142czesnym \u015bwiecie. Dzieci maj\u0105 tu czas zar\u00f3wno na poznawanie, do\u015bwiadczanie jak i odpoczynek oraz zabaw\u0119 z innymi dzie\u0107mi. Nikt nie jest w stanie uczy\u0107 si\u0119, czy rosn\u0105\u0107 za dziecko. Ono samo dokonuje tego zgodnie ze swoim potencja\u0142em, we w\u0142asnym tempie. Naszym celem jest pomoc ka\u017cdemu dziecku w jego harmonijnym rozwoju. W pe\u0142ni szanujemy jego godno\u015b\u0107, wolno\u015b\u0107 i indywidualno\u015b\u0107. Drogowskazem w pracy pedagogicznej, jest dla nas pedagogika Montessori. Wieloletnie do\u015bwiadczenie w pracy z dzie\u0107mi, utwierdza nas w&nbsp;<a href=\"https:\/\/przedszkola-montessori.pl\/?page_id=13\" class=\"read-more\">Continue Reading<\/a><\/p>\n","protected":false},"author":1,"featured_media":702,"parent":5,"menu_order":0,"comment_status":"open","ping_status":"open","template":"","meta":{"footnotes":""},"class_list":["post-13","page","type-page","status-publish","has-post-thumbnail","hentry"],"_links":{"self":[{"href":"https:\/\/przedszkola-montessori.pl\/index.php?rest_route=\/wp\/v2\/pages\/13","targetHints":{"allow":["GET"]}}],"collection":[{"href":"https:\/\/przedszkola-montessori.pl\/index.php?rest_route=\/wp\/v2\/pages"}],"about":[{"href":"https:\/\/przedszkola-montessori.pl\/index.php?rest_route=\/wp\/v2\/types\/page"}],"author":[{"embeddable":true,"href":"https:\/\/przedszkola-montessori.pl\/index.php?rest_route=\/wp\/v2\/users\/1"}],"replies":[{"embeddable":true,"href":"https:\/\/przedszkola-montessori.pl\/index.php?rest_route=%2Fwp%2Fv2%2Fcomments&post=13"}],"version-history":[{"count":15,"href":"https:\/\/przedszkola-montessori.pl\/index.php?rest_route=\/wp\/v2\/pages\/13\/revisions"}],"predecessor-version":[{"id":669,"href":"https:\/\/przedszkola-montessori.pl\/index.php?rest_route=\/wp\/v2\/pages\/13\/revisions\/669"}],"up":[{"embeddable":true,"href":"https:\/\/przedszkola-montessori.pl\/index.php?rest_route=\/wp\/v2\/pages\/5"}],"wp:featuredmedia":[{"embeddable":true,"href":"https:\/\/przedszkola-montessori.pl\/index.php?rest_route=\/wp\/v2\/media\/702"}],"wp:attachment":[{"href":"https:\/\/przedszkola-montessori.pl\/index.php?rest_route=%2Fwp%2Fv2%2Fmedia&parent=13"}],"curies":[{"name":"wp","href":"https:\/\/api.w.org\/{rel}","templated":true}]}}