{"id":15,"date":"2012-12-11T12:58:31","date_gmt":"2012-12-11T12:58:31","guid":{"rendered":"http:\/\/przedszkola-montessori.pl\/?page_id=15"},"modified":"2022-03-28T17:50:05","modified_gmt":"2022-03-28T17:50:05","slug":"classes","status":"publish","type":"page","link":"https:\/\/przedszkola-montessori.pl\/?page_id=15","title":{"rendered":"Rekrutacja"},"content":{"rendered":"<section class=\"divider_right clearfix\">\n<div class=\"grid_8\">\n<h2 style=\"text-align: left;\"><span style=\"color: #ff0000;\">Rekrutacja<\/span><\/h2>\n<p><span style=\"font-family: Arial, sans-serif;\"><span style=\"font-size: medium;\"><span style=\"color: #000000;\">Do przedszkola Montessori przyjmowane s\u0105 nie tylko dzieci, ale ca\u0142e rodziny, poniewa\u017c sp\u00f3jno\u015b\u0107 zasad wychowawczych stosowanych w domu i przedszkolu jest gwarancj\u0105 realizacji za\u0142o\u017conych cel\u00f3w.<\/span><span style=\"color: #000000;\"><br \/><\/span><span style=\"color: #000000;\">W celu zapisania dziecka do naszego przedszkola,prosimy o: <\/span><b><\/b><\/span><\/span><\/p>\n<p><span style=\"font-family: Arial, sans-serif;\"><span style=\"font-size: medium;\"><strong><span style=\"color: #000000;\"><b><a href=\"http:\/\/przedszkola-montessori.pl\/wp-content\/uploads\/2021\/02\/KARTA-ZG\u0141OSZENIA-DZIECKA-PRZEDSZKOLE-MONTESSORI.doc\">wype\u0142nienie karty zg\u0142oszeniowej<\/a><\/b><\/span><\/strong><\/span><\/span><\/p>\n<p><span style=\"font-family: Arial, sans-serif;\"><span style=\"font-size: medium;\"><strong><span style=\"color: #000000;\"><b><a href=\"http:\/\/przedszkola-montessori.pl\/wp-content\/uploads\/2022\/03\/KARTA-ZGLOSZENIA-DZIECKA-PRZEDSZKOLE-MONTESSORI.pdf\">karta zg\u0142oszeniowa plik pdf<\/a><\/b><\/span><\/strong><\/span><\/span><\/p>\n<p><span style=\"font-family: Arial, sans-serif;\"><span style=\"font-size: medium;\"><span style=\"color: #000000;\">i przes\u0142anie mailem na adres: <strong>rekrutacja@przedszkola-montessori.pl<\/strong><\/span> <\/span><\/span><\/p>\n<\/div>\n<\/section>\n\n\n<p><\/p>\n","protected":false},"excerpt":{"rendered":"<p>Rekrutacja Do przedszkola Montessori przyjmowane s\u0105 nie tylko dzieci, ale ca\u0142e rodziny, poniewa\u017c sp\u00f3jno\u015b\u0107 zasad wychowawczych stosowanych w domu i przedszkolu jest gwarancj\u0105 realizacji za\u0142o\u017conych cel\u00f3w.W celu zapisania dziecka do naszego przedszkola,prosimy o: wype\u0142nienie karty zg\u0142oszeniowej karta zg\u0142oszeniowa plik pdf i przes\u0142anie mailem na adres: rekrutacja@przedszkola-montessori.pl<\/p>\n","protected":false},"author":1,"featured_media":77,"parent":0,"menu_order":0,"comment_status":"open","ping_status":"open","template":"page-fullwidth.php","meta":{"footnotes":""},"class_list":["post-15","page","type-page","status-publish","has-post-thumbnail","hentry"],"_links":{"self":[{"href":"https:\/\/przedszkola-montessori.pl\/index.php?rest_route=\/wp\/v2\/pages\/15","targetHints":{"allow":["GET"]}}],"collection":[{"href":"https:\/\/przedszkola-montessori.pl\/index.php?rest_route=\/wp\/v2\/pages"}],"about":[{"href":"https:\/\/przedszkola-montessori.pl\/index.php?rest_route=\/wp\/v2\/types\/page"}],"author":[{"embeddable":true,"href":"https:\/\/przedszkola-montessori.pl\/index.php?rest_route=\/wp\/v2\/users\/1"}],"replies":[{"embeddable":true,"href":"https:\/\/przedszkola-montessori.pl\/index.php?rest_route=%2Fwp%2Fv2%2Fcomments&post=15"}],"version-history":[{"count":33,"href":"https:\/\/przedszkola-montessori.pl\/index.php?rest_route=\/wp\/v2\/pages\/15\/revisions"}],"predecessor-version":[{"id":861,"href":"https:\/\/przedszkola-montessori.pl\/index.php?rest_route=\/wp\/v2\/pages\/15\/revisions\/861"}],"wp:featuredmedia":[{"embeddable":true,"href":"https:\/\/przedszkola-montessori.pl\/index.php?rest_route=\/wp\/v2\/media\/77"}],"wp:attachment":[{"href":"https:\/\/przedszkola-montessori.pl\/index.php?rest_route=%2Fwp%2Fv2%2Fmedia&parent=15"}],"curies":[{"name":"wp","href":"https:\/\/api.w.org\/{rel}","templated":true}]}}