{"id":17,"date":"2012-12-11T12:58:41","date_gmt":"2012-12-11T12:58:41","guid":{"rendered":"http:\/\/przedszkola-montessori.pl\/?page_id=17"},"modified":"2025-01-02T08:21:42","modified_gmt":"2025-01-02T08:21:42","slug":"gallery","status":"publish","type":"page","link":"https:\/\/przedszkola-montessori.pl\/?page_id=17","title":{"rendered":"RODO"},"content":{"rendered":"<div id=\"pl-17\" class=\"panel-layout\">\n<div id=\"pg-17-0\" class=\"panel-grid panel-no-style\">\n<div id=\"pgc-17-0-0\" class=\"panel-grid-cell\" data-weight=\"1\">\n<h3 id=\"panel-17-0-0-0\" class=\"so-panel widget widget_text panel-first-child panel-last-child\" data-index=\"0\" data-style=\"{&quot;background_image_attachment&quot;:false,&quot;background_display&quot;:&quot;tile&quot;}\"><\/h3>\n<h3><a href=\"http:\/\/przedszkola-montessori.pl\/wp-content\/uploads\/2020\/02\/Klauzula-RODO-dla-kontrahent\u00f3w-os\u00f3b-wyznaczonych-do-kontaktu-os\u00f3b-kontroluj\u0105cych.docx\">Klauzula RODO dla kontrahent\u00f3w, os\u00f3b wyznaczonych do kontaktu, os\u00f3b kontroluj\u0105cych<\/a><\/h3>\n<h3><a href=\"http:\/\/przedszkola-montessori.pl\/wp-content\/uploads\/2020\/02\/Klauzula-RODO-dla-rodzic\u00f3w-opiekun\u00f3w-prawnych.docx\">Klauzula RODO dla rodzic\u00f3w (opiekun\u00f3w prawnych)<\/a><\/h3>\n<h3><a href=\"http:\/\/przedszkola-montessori.pl\/wp-content\/uploads\/2020\/02\/Klauzula-RODO-przetwarzanie-danych-w-celach-promocyjnych-w-tym-wizerunku.docx\">Klauzula RODO \u2013 przetwarzanie danych w celach promocyjnych (w tym wizerunku)<\/a><\/h3>\n<h3><a href=\"http:\/\/przedszkola-montessori.pl\/wp-content\/uploads\/2020\/06\/G\u0142\u00f3wna-klauzula-rekrutacyjna.docx\">G\u0142\u00f3wna klauzula rekrutacyjna<\/a><\/h3>\n<div class=\"textwidget\"><\/div>\n<\/div>\n<\/div>\n<\/div>\n","protected":false},"excerpt":{"rendered":"<p>Klauzula RODO dla kontrahent\u00f3w, os\u00f3b wyznaczonych do kontaktu, os\u00f3b kontroluj\u0105cych Klauzula RODO dla rodzic\u00f3w (opiekun\u00f3w prawnych) Klauzula RODO \u2013 przetwarzanie danych w celach promocyjnych (w tym wizerunku) G\u0142\u00f3wna klauzula rekrutacyjna<\/p>\n","protected":false},"author":1,"featured_media":705,"parent":0,"menu_order":0,"comment_status":"open","ping_status":"open","template":"page-fullwidth.php","meta":{"footnotes":""},"class_list":["post-17","page","type-page","status-publish","has-post-thumbnail","hentry"],"_links":{"self":[{"href":"https:\/\/przedszkola-montessori.pl\/index.php?rest_route=\/wp\/v2\/pages\/17","targetHints":{"allow":["GET"]}}],"collection":[{"href":"https:\/\/przedszkola-montessori.pl\/index.php?rest_route=\/wp\/v2\/pages"}],"about":[{"href":"https:\/\/przedszkola-montessori.pl\/index.php?rest_route=\/wp\/v2\/types\/page"}],"author":[{"embeddable":true,"href":"https:\/\/przedszkola-montessori.pl\/index.php?rest_route=\/wp\/v2\/users\/1"}],"replies":[{"embeddable":true,"href":"https:\/\/przedszkola-montessori.pl\/index.php?rest_route=%2Fwp%2Fv2%2Fcomments&post=17"}],"version-history":[{"count":50,"href":"https:\/\/przedszkola-montessori.pl\/index.php?rest_route=\/wp\/v2\/pages\/17\/revisions"}],"predecessor-version":[{"id":889,"href":"https:\/\/przedszkola-montessori.pl\/index.php?rest_route=\/wp\/v2\/pages\/17\/revisions\/889"}],"wp:featuredmedia":[{"embeddable":true,"href":"https:\/\/przedszkola-montessori.pl\/index.php?rest_route=\/wp\/v2\/media\/705"}],"wp:attachment":[{"href":"https:\/\/przedszkola-montessori.pl\/index.php?rest_route=%2Fwp%2Fv2%2Fmedia&parent=17"}],"curies":[{"name":"wp","href":"https:\/\/api.w.org\/{rel}","templated":true}]}}