{"id":21,"date":"2012-12-11T12:59:04","date_gmt":"2012-12-11T12:59:04","guid":{"rendered":"http:\/\/przedszkola-montessori.pl\/?page_id=21"},"modified":"2025-09-25T04:43:42","modified_gmt":"2025-09-25T04:43:42","slug":"contacts","status":"publish","type":"page","link":"https:\/\/przedszkola-montessori.pl\/?page_id=21","title":{"rendered":"Kontakt"},"content":{"rendered":"<h1><span style=\"color: #000000;\">CENTRUM EDUKACJI MONTESSORI<\/span><\/h1>\n<p><span style=\"color: #000000;\"><strong>ul. Zwierzyniecka 53<\/strong><\/span><br \/>\n<span style=\"color: #000000;\"><strong> 43-300 Bielsko Bia\u0142a<br \/>\n<\/strong><\/span><\/p>\n<p><span style=\"color: #000000;\"><strong>REKRUTACJA DZIECI I SPRAWY ORGANIZACYJNE: <\/strong><\/span><\/p>\n<p><span style=\"color: #000000;\"><strong>tel. 509 41 36 46<\/strong><\/span><br \/>\n<span style=\"color: #000000;\"><strong> e-mail: kontakt@przedszkola-montessori.pl<\/strong><\/span><br \/>\n<span style=\"color: #000000;\"><strong> rekrutacja: rekrutacja@przedszkola-montessori.pl<\/strong><\/span><\/p>\n<p><strong>TELEFONY DLA RODZIC\u00d3W DZIECI UCZ\u0118SZCZAJ\u0104CYCH DO PRZEDSZKOLA:<\/strong><\/p>\n<p><strong>PRZEDSZKOLE MONTESSORI w Limanowej<br \/>\n<\/strong>Matki Boskiej Bolesnej 39<br \/>\n34-600 Limanowa<br \/>\ntel. 506\u00a0071 972<\/p>\n<p><strong>PRZEDSZKOLE MONTESSORI w M\u0119cinie<br \/>\n<\/strong>M\u0119cina 275<br \/>\n34-654 M\u0119cina<br \/>\ntel. 505\u00a0894 793<\/p>\n<p><strong>PRZEDSZKOLE MONTESSORI w Bielsku-Bia\u0142ej<br \/>\n<\/strong>ul. Zwierzyniecka 53<br \/>\ntel. 690 155 855<\/p>\n<p><span style=\"color: #000000;\"><strong>\u00a0<\/strong><\/span><\/p>\n","protected":false},"excerpt":{"rendered":"<p>kontakt<\/p>\n","protected":false},"author":1,"featured_media":701,"parent":0,"menu_order":0,"comment_status":"open","ping_status":"open","template":"","meta":{"footnotes":""},"class_list":["post-21","page","type-page","status-publish","has-post-thumbnail","hentry"],"_links":{"self":[{"href":"https:\/\/przedszkola-montessori.pl\/index.php?rest_route=\/wp\/v2\/pages\/21","targetHints":{"allow":["GET"]}}],"collection":[{"href":"https:\/\/przedszkola-montessori.pl\/index.php?rest_route=\/wp\/v2\/pages"}],"about":[{"href":"https:\/\/przedszkola-montessori.pl\/index.php?rest_route=\/wp\/v2\/types\/page"}],"author":[{"embeddable":true,"href":"https:\/\/przedszkola-montessori.pl\/index.php?rest_route=\/wp\/v2\/users\/1"}],"replies":[{"embeddable":true,"href":"https:\/\/przedszkola-montessori.pl\/index.php?rest_route=%2Fwp%2Fv2%2Fcomments&post=21"}],"version-history":[{"count":49,"href":"https:\/\/przedszkola-montessori.pl\/index.php?rest_route=\/wp\/v2\/pages\/21\/revisions"}],"predecessor-version":[{"id":985,"href":"https:\/\/przedszkola-montessori.pl\/index.php?rest_route=\/wp\/v2\/pages\/21\/revisions\/985"}],"wp:featuredmedia":[{"embeddable":true,"href":"https:\/\/przedszkola-montessori.pl\/index.php?rest_route=\/wp\/v2\/media\/701"}],"wp:attachment":[{"href":"https:\/\/przedszkola-montessori.pl\/index.php?rest_route=%2Fwp%2Fv2%2Fmedia&parent=21"}],"curies":[{"name":"wp","href":"https:\/\/api.w.org\/{rel}","templated":true}]}}