{"id":286,"date":"2016-06-07T19:16:23","date_gmt":"2016-06-07T19:16:23","guid":{"rendered":"http:\/\/przedszkola-montessori.pl\/?page_id=286"},"modified":"2016-07-18T09:32:19","modified_gmt":"2016-07-18T09:32:19","slug":"maria-montessori","status":"publish","type":"page","link":"https:\/\/przedszkola-montessori.pl\/?page_id=286","title":{"rendered":"Maria Montessori"},"content":{"rendered":"<h1 align=\"JUSTIFY\"><a name=\"_GoBack\"><\/a><span style=\"color: #000000;\"> Maria Montessori i jej dzie\u0142o<\/span><\/h1>\n<p style=\"text-align: justify;\">Zawsze za wyj\u0105tkow\u0105 ide\u0105 stoi wyj\u0105tkowa osobowo\u015b\u0107. Tak jest te\u017c w przypadku metody Montessori, dzi\u0119ki kt\u00f3rej na nowo zdefiniowane zosta\u0142o podej\u015bcie do dzieci i ich nauczania.<\/p>\n<p style=\"text-align: justify;\">Maria Montessori (1870 \u2013 1952) w\u0142oska lekarka i pedagog. Jedna z najwi\u0119kszych reformatorek wychowania przedszkolnego. Tw\u00f3rczyni \u201emetody Montessori\u201d, kt\u00f3ra k\u0142adzie nacisk na umo\u017cliwienie dziecku swobodnej aktywno\u015bci oraz kszta\u0142cenie jego zmys\u0142\u00f3w. Wed\u0142ug Montessori, ka\u017cde dziecko jest inne, a wi\u0119c ka\u017cde ma prawo do indywidualnego rozwoju.<\/p>\n<p style=\"text-align: justify;\">Pedagogika Montessori, przeciwstawia si\u0119 systemowi szkolnemu, t\u0142umi\u0105cemu aktywno\u015b\u0107 dzieci, kt\u00f3rego symbolem by\u0142a dla Montessori \u201eszkolna \u0142awka\u201d. Montessori uwa\u017ca\u0142a, \u017ce g\u0142\u00f3wnym zadaniem pedagogiki jest wspieranie spontaniczno\u015bci i tw\u00f3rczo\u015bci dzieci, umo\u017cliwianie im wszechstronnego rozwoju fizycznego, duchowego, kulturowego i spo\u0142ecznego.<\/p>\n<p style=\"text-align: justify;\">Podstawow\u0105 zasad\u0105 musi by\u0107 wolno\u015b\u0107 ucznia, poniewa\u017c tylko ona wyzwala kreatywno\u015b\u0107 dziecka. Z wolno\u015bci powinna zrodzi\u0107 si\u0119 dyscyplina. Zdyscyplinowana jednostka jest w stanie kontrolowa\u0107 si\u0119 sama i przystosowa\u0107 do zasad obowi\u0105zuj\u0105cych w \u017cyciu.<\/p>\n<p style=\"text-align: justify;\">Dzieci podczas pacy z materia\u0142em Montessori, maj\u0105 swobodny wyb\u00f3r materia\u0142\u00f3w dydaktycznych, dowolno\u015b\u0107 miejsca i czasu pracy.<\/p>\n<p style=\"text-align: justify;\">Maria Montessori by\u0142a dwukrotnie nominowana do nagrody Nobla.<\/p>\n<p style=\"text-align: justify;\">Jej wizerunek widnia\u0142 we W\u0142oszech, na banknocie o nominale 1000 lir\u00f3w.<\/p>\n<p>&nbsp;<\/p>\n<p>&nbsp;<\/p>\n","protected":false},"excerpt":{"rendered":"<p>Maria Montessori i jej dzie\u0142o Zawsze za wyj\u0105tkow\u0105 ide\u0105 stoi wyj\u0105tkowa osobowo\u015b\u0107. Tak jest te\u017c w przypadku metody Montessori, dzi\u0119ki kt\u00f3rej na nowo zdefiniowane zosta\u0142o podej\u015bcie do dzieci i ich nauczania. Maria Montessori (1870 \u2013 1952) w\u0142oska lekarka i pedagog. Jedna z najwi\u0119kszych reformatorek wychowania przedszkolnego. Tw\u00f3rczyni \u201emetody Montessori\u201d, kt\u00f3ra k\u0142adzie nacisk na umo\u017cliwienie dziecku swobodnej aktywno\u015bci oraz kszta\u0142cenie jego zmys\u0142\u00f3w. Wed\u0142ug Montessori, ka\u017cde dziecko jest inne, a wi\u0119c ka\u017cde ma prawo do indywidualnego rozwoju. Pedagogika Montessori, przeciwstawia si\u0119 systemowi szkolnemu, t\u0142umi\u0105cemu aktywno\u015b\u0107 dzieci, kt\u00f3rego symbolem by\u0142a dla Montessori \u201eszkolna \u0142awka\u201d. Montessori uwa\u017ca\u0142a, \u017ce g\u0142\u00f3wnym zadaniem pedagogiki jest wspieranie spontaniczno\u015bci i tw\u00f3rczo\u015bci dzieci, umo\u017cliwianie im wszechstronnego rozwoju fizycznego, duchowego, kulturowego i spo\u0142ecznego. Podstawow\u0105 zasad\u0105 musi by\u0107 wolno\u015b\u0107 ucznia, poniewa\u017c tylko&nbsp;<a href=\"https:\/\/przedszkola-montessori.pl\/?page_id=286\" class=\"read-more\">Continue Reading<\/a><\/p>\n","protected":false},"author":1,"featured_media":0,"parent":283,"menu_order":0,"comment_status":"closed","ping_status":"closed","template":"","meta":{"footnotes":""},"class_list":["post-286","page","type-page","status-publish","hentry"],"_links":{"self":[{"href":"https:\/\/przedszkola-montessori.pl\/index.php?rest_route=\/wp\/v2\/pages\/286","targetHints":{"allow":["GET"]}}],"collection":[{"href":"https:\/\/przedszkola-montessori.pl\/index.php?rest_route=\/wp\/v2\/pages"}],"about":[{"href":"https:\/\/przedszkola-montessori.pl\/index.php?rest_route=\/wp\/v2\/types\/page"}],"author":[{"embeddable":true,"href":"https:\/\/przedszkola-montessori.pl\/index.php?rest_route=\/wp\/v2\/users\/1"}],"replies":[{"embeddable":true,"href":"https:\/\/przedszkola-montessori.pl\/index.php?rest_route=%2Fwp%2Fv2%2Fcomments&post=286"}],"version-history":[{"count":17,"href":"https:\/\/przedszkola-montessori.pl\/index.php?rest_route=\/wp\/v2\/pages\/286\/revisions"}],"predecessor-version":[{"id":444,"href":"https:\/\/przedszkola-montessori.pl\/index.php?rest_route=\/wp\/v2\/pages\/286\/revisions\/444"}],"up":[{"embeddable":true,"href":"https:\/\/przedszkola-montessori.pl\/index.php?rest_route=\/wp\/v2\/pages\/283"}],"wp:attachment":[{"href":"https:\/\/przedszkola-montessori.pl\/index.php?rest_route=%2Fwp%2Fv2%2Fmedia&parent=286"}],"curies":[{"name":"wp","href":"https:\/\/api.w.org\/{rel}","templated":true}]}}