{"id":324,"date":"2016-06-14T10:15:07","date_gmt":"2016-06-14T10:15:07","guid":{"rendered":"http:\/\/przedszkola-montessori.pl\/?page_id=324"},"modified":"2016-07-18T10:33:16","modified_gmt":"2016-07-18T10:33:16","slug":"cele-pedagogiki","status":"publish","type":"page","link":"https:\/\/przedszkola-montessori.pl\/?page_id=324","title":{"rendered":"Cele pedagogiki"},"content":{"rendered":"<h1>Cele pedagogiki Montessori<\/h1>\n<p style=\"text-align: justify;\">Pedagogika Montessori pomaga w rozwijaniu indywidualnych cech osobowo\u015bci, w formowaniu prawid\u0142owego charakteru, zdobywaniu wiedzy, umiej\u0119tno\u015bci \u017cyciowych, szkolnych oraz wsp\u00f3\u0142dzia\u0142ania.<\/p>\n<p><strong>Cele te realizowane s\u0105 poprzez pomoc dziecku w:<\/strong><\/p>\n<ul>\n<li>rozwijaniu samodzielno\u015bci i wiary we w\u0142asne si\u0142y<\/li>\n<li>wypracowaniu wewn\u0119trznej samodyscypliny, opartej na samokontroli, a nie na zewn\u0119trznym przymusie, czy uzale\u017cnieniu od nagrody<\/li>\n<li>formowaniu postawy pracy zespo\u0142owej bez rywalizacji i oceny<\/li>\n<li>zami\u0142owaniu do pracy i porz\u0105dku w otoczeniu<\/li>\n<li>osi\u0105ganiu d\u0142ugotrwa\u0142ej koncentracji nad wykonywanym zadaniem<\/li>\n<li>rozwijaniu indywidualnych uzdolnie\u0144 i umiej\u0119tno\u015bci wsp\u00f3\u0142pracy<\/li>\n<li>budowaniu szacunku dla pracy i indywidualno\u015bci innych os\u00f3b<\/li>\n<\/ul>\n<h1>Zadania pedagogiki Montessori:<\/h1>\n<p><strong>nauka przez dzia\u0142anie:<\/strong><\/p>\n<p style=\"text-align: justify;\">dzieci zdobywaj\u0105 wiedz\u0119 i praktyczne umiej\u0119tno\u015bci poprzez w\u0142asn\u0105 aktywno\u015b\u0107, w specjalnie przygotowanym otoczeniu<\/p>\n<p><strong>samodzielno\u015b\u0107:<\/strong><\/p>\n<p style=\"text-align: justify;\">dzieci swobodnie wybieraj\u0105 rodzaj, miejsce, czas i form\u0119 pracy (indywidualn\u0105 lub w grupie) przy zachowaniu regu\u0142 spo\u0142ecznych; rozwijaj\u0105 indywidualne uzdolnienia i ucz\u0105 si\u0119 tego, co sprawia im przyjemno\u015b\u0107 i jest potrzebne do indywidualnego rozwoju<\/p>\n<p><strong>koncentracja:<\/strong><\/p>\n<p style=\"text-align: justify;\">dzi\u0119ki specjalnie zaprojektowanym pomocom, dzieci \u0107wicz\u0105 precyzj\u0119 ruch\u00f3w i wytrwa\u0142o\u015b\u0107 przy wykonywaniu konkretnych zada\u0144<\/p>\n<p><strong>porz\u0105dek:<\/strong><\/p>\n<p style=\"text-align: justify;\">dzieci przestrzegaj\u0105c zasad porz\u0105dku w otoczeniu i swoim dzia\u0142aniu, odczuwaj\u0105 porz\u0105dek w swoim wn\u0119trzu<\/p>\n<p><strong>spo\u0142eczne regu\u0142y:<\/strong><\/p>\n<p style=\"text-align: justify;\">zr\u00f3\u017cnicowane wiekowo grupy, sprzyjaj\u0105 wymianie wzajemnych zdolno\u015bci i umiej\u0119tno\u015bci; dzieci ucz\u0105 si\u0119 przestrzega\u0107 regu\u0142: nie krzywd\u017a, nie niszcz, nie przeszkadzaj innym w pracy<\/p>\n<p><strong>obserwacja:<\/strong><\/p>\n<p style=\"text-align: justify;\">jest kluczem do poznania dziecka, drogowskazem dla nauczyciela, jakie pomoce powinny znale\u017a\u0107 si\u0119 w otoczeniu, aby zapewni\u0107 optimum dzieci\u0119cych mo\u017cliwo\u015bci indywidualny tok rozwoju ka\u017cdego dziecka: dziecko pracuje wed\u0142ug w\u0142asnego tempa i mo\u017cliwo\u015bci, podejmuj\u0105c aktywno\u015bci, do kt\u00f3rych jest ju\u017c gotowe i kt\u00f3rymi jest zainteresowane<\/p>\n","protected":false},"excerpt":{"rendered":"<p>Cele pedagogiki Montessori Pedagogika Montessori pomaga w rozwijaniu indywidualnych cech osobowo\u015bci, w formowaniu prawid\u0142owego charakteru, zdobywaniu wiedzy, umiej\u0119tno\u015bci \u017cyciowych, szkolnych oraz wsp\u00f3\u0142dzia\u0142ania. Cele te realizowane s\u0105 poprzez pomoc dziecku w: rozwijaniu samodzielno\u015bci i wiary we w\u0142asne si\u0142y wypracowaniu wewn\u0119trznej samodyscypliny, opartej na samokontroli, a nie na zewn\u0119trznym przymusie, czy uzale\u017cnieniu od nagrody formowaniu postawy pracy zespo\u0142owej bez rywalizacji i oceny zami\u0142owaniu do pracy i porz\u0105dku w otoczeniu osi\u0105ganiu d\u0142ugotrwa\u0142ej koncentracji nad wykonywanym zadaniem rozwijaniu indywidualnych uzdolnie\u0144 i umiej\u0119tno\u015bci wsp\u00f3\u0142pracy budowaniu szacunku dla pracy i indywidualno\u015bci innych os\u00f3b Zadania pedagogiki Montessori: nauka przez dzia\u0142anie: dzieci zdobywaj\u0105 wiedz\u0119 i praktyczne umiej\u0119tno\u015bci poprzez w\u0142asn\u0105 aktywno\u015b\u0107, w specjalnie przygotowanym otoczeniu samodzielno\u015b\u0107: dzieci swobodnie wybieraj\u0105 rodzaj, miejsce, czas i form\u0119 pracy (indywidualn\u0105 lub w grupie)&nbsp;<a href=\"https:\/\/przedszkola-montessori.pl\/?page_id=324\" class=\"read-more\">Continue Reading<\/a><\/p>\n","protected":false},"author":1,"featured_media":0,"parent":283,"menu_order":0,"comment_status":"closed","ping_status":"closed","template":"","meta":{"footnotes":""},"class_list":["post-324","page","type-page","status-publish","hentry"],"_links":{"self":[{"href":"https:\/\/przedszkola-montessori.pl\/index.php?rest_route=\/wp\/v2\/pages\/324","targetHints":{"allow":["GET"]}}],"collection":[{"href":"https:\/\/przedszkola-montessori.pl\/index.php?rest_route=\/wp\/v2\/pages"}],"about":[{"href":"https:\/\/przedszkola-montessori.pl\/index.php?rest_route=\/wp\/v2\/types\/page"}],"author":[{"embeddable":true,"href":"https:\/\/przedszkola-montessori.pl\/index.php?rest_route=\/wp\/v2\/users\/1"}],"replies":[{"embeddable":true,"href":"https:\/\/przedszkola-montessori.pl\/index.php?rest_route=%2Fwp%2Fv2%2Fcomments&post=324"}],"version-history":[{"count":16,"href":"https:\/\/przedszkola-montessori.pl\/index.php?rest_route=\/wp\/v2\/pages\/324\/revisions"}],"predecessor-version":[{"id":636,"href":"https:\/\/przedszkola-montessori.pl\/index.php?rest_route=\/wp\/v2\/pages\/324\/revisions\/636"}],"up":[{"embeddable":true,"href":"https:\/\/przedszkola-montessori.pl\/index.php?rest_route=\/wp\/v2\/pages\/283"}],"wp:attachment":[{"href":"https:\/\/przedszkola-montessori.pl\/index.php?rest_route=%2Fwp%2Fv2%2Fmedia&parent=324"}],"curies":[{"name":"wp","href":"https:\/\/api.w.org\/{rel}","templated":true}]}}