{"id":331,"date":"2016-06-14T10:17:29","date_gmt":"2016-06-14T10:17:29","guid":{"rendered":"http:\/\/przedszkola-montessori.pl\/?page_id=331"},"modified":"2022-10-18T13:56:08","modified_gmt":"2022-10-18T13:56:08","slug":"program","status":"publish","type":"page","link":"https:\/\/przedszkola-montessori.pl\/?page_id=331","title":{"rendered":"Program"},"content":{"rendered":"<h1><span style=\"color: #000000;\">Program<\/span><\/h1>\n<p style=\"text-align: justify;\"><span style=\"color: #000000;\">W pedagogice Marii Montessori nie ma \u015bcis\u0142ego podzia\u0142u w nauczaniu na przedmioty. Pomoce montessoria\u0144skie zosta\u0142y utworzone tak, aby dziecko mog\u0142o kszta\u0142ci\u0107 si\u0119 w jednym z ni\u017cej wymienionych obszar\u00f3w: <\/span><\/p>\n<p><strong><span style=\"color: #000000;\">Mo\u017cna go podzieli\u0107 na pi\u0119\u0107 kategorii:<\/span><\/strong><\/p>\n<ul>\n<li><span style=\"color: #000000;\">Materia\u0142 do \u0107wicze\u0144 z praktycznego \u017cycia \u2013 zwi\u0105zany z samoobs\u0142ug\u0105, trosk\u0105 o \u015brodowisko, zwyczajami i normami spo\u0142ecznymi.<\/span><\/li>\n<li><span style=\"color: #000000;\">Materia\u0142 sensoryczny \u2013 rozwijaj\u0105cy poznanie zmys\u0142owe, s\u0142u\u017c\u0105cy pobudzaniu aktywno\u015bci umys\u0142owej.<\/span><\/li>\n<li><span style=\"color: #000000;\">Materia\u0142 do nauki: j\u0119zyka, matematyki, geografii, historii, biologii, fizyki.<\/span><\/li>\n<li><span style=\"color: #000000;\">Materia\u0142y artystyczne zwi\u0105zane z ekspresj\u0105 muzyczn\u0105, plastyczn\u0105 i zr\u0119czno\u015bciow\u0105 dziecka.<\/span><\/li>\n<li><span style=\"color: #000000;\">Materia\u0142y religijne.<\/span><\/li>\n<\/ul>\n<p><strong><span style=\"color: #000000;\">\u0106wiczenia praktycznego \u017cycia<\/span><\/strong><\/p>\n<p style=\"text-align: justify;\"><span style=\"color: #000000;\">Bardzo bogaty, atrakcyjny, regularnie wymieniany materia\u0142, w zale\u017cno\u015bci od pory roku i okazji.<\/span><\/p>\n<p style=\"text-align: justify;\"><span style=\"color: #000000;\">\u0106wiczenia \u017cycia codziennego maj\u0105 na celu kszta\u0142cenie precyzji ruch\u00f3w r\u0119ki, koordynacji oko \u2013 r\u0119ka, przygotowuj\u0105 do pisania, czytania, samodzielno\u015bci. Ucz\u0105 zachowania porz\u0105dku, estetyki.<\/span><\/p>\n<p style=\"text-align: justify;\"><span style=\"color: #000000;\">Dzi\u0119ki pracy z tym materia\u0142em, dziecko kszta\u0142ci umiej\u0119tno\u015bci ruchowe takie jak np. chwytanie, przek\u0142adanie za pomoc\u0105 szczypiec, p\u0119sety (chwyt tr\u00f3jpalczasty, potrzebny do prawid\u0142owego trzymania narz\u0119dzia pisarskiego), nalewanie, zakr\u0119canie, przesypywanie, przek\u0142adnie, pos\u0142ugiwanie si\u0119 \u0142y\u017ck\u0105\u2026 <\/span><\/p>\n<p style=\"text-align: justify;\"><span style=\"color: #000000;\"><a style=\"color: #000000;\" name=\"_GoBack\"><\/a> Uczy si\u0119 dba\u0107 o otoczenie np. piel\u0119gnuje ro\u015bliny, uk\u0142ada kwiaty, dba o wygl\u0105d sali.<\/span><\/p>\n<p style=\"text-align: justify;\"><span style=\"color: #000000;\">Do\u015bwiadcza jak bezpiecznie nale\u017cy pos\u0142ugiwa\u0107 si\u0119 narz\u0119dziami codziennego u\u017cytku, i uczy si\u0119 przygotowywania prostych posi\u0142k\u00f3w\u2026<\/span><\/p>\n<p style=\"text-align: justify;\"><span style=\"color: #000000;\">Uczy si\u0119 dbania o siebie i sw\u00f3j wygl\u0105d, d\u0105\u017cy do samodzielno\u015bci w samoobs\u0142udze np. \u0107wicz\u0105c z ramkami do zapinania \u2013 zapina guziki, zamek, wi\u0105\u017ce kokardy, zapina sprz\u0105czki, zatrzaski, rzepy, itp., przygotowuj\u0105c si\u0119 do samodzielnego ubierania.<\/span><\/p>\n<p style=\"text-align: justify;\"><span style=\"color: #000000;\">Poznaje, tak\u017ce, zasady grzecznego zachowania oraz r\u00f3wnowagi i wdzi\u0119ku.<\/span><\/p>\n<p style=\"text-align: justify;\">\n<p><strong><span style=\"color: #000000;\">Kszta\u0142cenie zmys\u0142\u00f3w &#8211; sensoryka<\/span><\/strong><\/p>\n<p style=\"text-align: justify;\"><span style=\"color: #000000;\">Pos\u0142ugiwanie si\u0119 zmys\u0142ami jest dla dzieci &#8222;kluczem do zrozumienia \u015bwiata&#8221;. Poprzez zmys\u0142y docieraj\u0105 do nich wra\u017cenia, kt\u00f3re s\u0105 podstaw\u0105 wyobra\u017ce\u0144 na temat rzeczywisto\u015bci.<\/span><\/p>\n<p style=\"text-align: justify;\"><span style=\"color: #000000;\">Sensoryka opr\u00f3cz bezpo\u015bredniego celu wyostrzania wszystkich zmys\u0142\u00f3w, dzia\u0142a po\u015brednio na\u00a0 rozw\u00f3j my\u015blenia logicznego i budowanie bogatego s\u0142ownictwa. Poprzez systematyczny rozw\u00f3j i precyzj\u0119 zmys\u0142\u00f3w, dziecko buduje solidne podstawy swojej aktywno\u015bci intelektualnej. <\/span><\/p>\n<p><span style=\"color: #000000;\">Kszta\u0142cenie zmys\u0142\u00f3w odbywa si\u0119 poprzez nauk\u0119 o:<\/span><\/p>\n<ul>\n<li><span style=\"color: #000000;\">wymiarach<\/span><\/li>\n<li><span style=\"color: #000000;\">powierzchniach<\/span><\/li>\n<li><span style=\"color: #000000;\">figurach i bry\u0142ach geometrycznych<\/span><\/li>\n<li><span style=\"color: #000000;\">wra\u017ceniach p\u0142yn\u0105cych ze zmys\u0142u:<\/span><\/li>\n<\/ul>\n<ol>\n<li style=\"list-style-type: none;\">\n<ul>\n<li><span style=\"color: #000000;\">wzroku<\/span><\/li>\n<li><span style=\"color: #000000;\">dotyku <\/span><\/li>\n<li><span style=\"color: #000000;\">s\u0142uchu <\/span><\/li>\n<li><span style=\"color: #000000;\">barycznego <\/span><\/li>\n<li><span style=\"color: #000000;\">termicznego <\/span><\/li>\n<li><span style=\"color: #000000;\">smaku <\/span><\/li>\n<li><span style=\"color: #000000;\">w\u0119chu <\/span><\/li>\n<\/ul>\n<\/li>\n<\/ol>\n<p><strong><span style=\"color: #000000;\">Edukacja matematyczna<\/span><\/strong><\/p>\n<p style=\"text-align: justify;\"><span style=\"color: #000000;\">Program matematyczny wed\u0142ug Montessori jest zr\u00f3\u017cnicowany, nigdy nie jest nudny, stanowi wyzwanie, ale dzieci nigdy nie s\u0105 do niego zmuszane. Po prostu uwielbiaj\u0105 te materia\u0142y! S\u0105 one kolorowe, przyjemnie si\u0119 z nimi pracuje, s\u0105 ciekawe i pi\u0119kne. W programie Montessori matematyka jest zabaw\u0105 i ma niewiele wsp\u00f3lnego z zapami\u0119tywaniem formu\u0142ek bez rozumienia logiki le\u017c\u0105cej u ich podstaw.<\/span><\/p>\n<p style=\"text-align: justify;\"><span style=\"color: #000000;\">Materia\u0142 matematyczny rozwija my\u015blenie matematyczne i logiczne, daje dziecku solidn\u0105 podstaw\u0119 do wykonywania nie tylko prostych operacji matematycznych w zakresie dodawania i odejmowania, ale w przedszkolu, starsze dzieci dokonuj\u0105 dzia\u0142a\u0144 na czterocyfrowych liczbach, a tak\u017ce mno\u017c\u0105 i dziel\u0105. <\/span><\/p>\n<p style=\"text-align: justify;\"><span style=\"color: #000000;\">\u201eTajemnica\u201d tak zaawansowanego materia\u0142u matematycznego, tkwi w tym, \u017ce dzieci zaczynaj\u0105 od bardzo konkretnych materia\u0142\u00f3w i stopniowo przechodz\u0105 do poj\u0119\u0107 abstrakcyjnych.<\/span><\/p>\n<p style=\"text-align: justify;\"><span style=\"color: #000000;\">Materia\u0142 montessoria\u0144ski zosta\u0142 tak zbudowany, \u017ce dziecko ci\u0105gle dokonuje klasyfikacji w\u0142a\u015bciwo\u015bci przedmiot\u00f3w, a tym samym tworzy si\u0119 u niego porz\u0105dek my\u015blowy.<\/span><\/p>\n<p><span style=\"color: #000000;\">Pomoce zgrupowane s\u0105 w kilku kategoriach.<\/span><\/p>\n<ul>\n<li><span style=\"color: #000000;\">Nauka liczenia w zakresie od 0-10<\/span><\/li>\n<li><span style=\"color: #000000;\">System dziesi\u0119tny<\/span><\/li>\n<li><span style=\"color: #000000;\">Liczenie od 11-99<\/span><\/li>\n<li><span style=\"color: #000000;\">U\u0142amki<\/span><\/li>\n<li><span style=\"color: #000000;\">Geometria<\/span><\/li>\n<li><span style=\"color: #000000;\">Wielkie liczby<\/span><\/li>\n<li><span style=\"color: #000000;\">Cztery podstawowe dzia\u0142ania (dodawanie, odejmowanie, mno\u017cenie, dzielenie)<\/span><\/li>\n<\/ul>\n<p><strong><span style=\"color: #000000;\">Edukacja j\u0119zykowa<\/span><\/strong><\/p>\n<p style=\"text-align: justify;\"><span style=\"color: #000000;\">Poprzez \u0107wiczenia z obszaru kszta\u0142cenia zmys\u0142\u00f3w dziecko przygotowuje si\u0119 do pisania. Program nauczania czytania Montessori ma trzy podstawowe sk\u0142adniki: silne<\/span><\/p>\n<p style=\"text-align: justify;\"><span style=\"color: #000000;\">zakorzenienie w fonetyce, rozumienie oparte na wizualizacji oraz podej\u015bcie<\/span><\/p>\n<p style=\"text-align: justify;\"><span style=\"color: #000000;\">ca\u0142o\u015bciowe, czyli czytanie ze zrozumieniem i korzystanie z kontekstu.<\/span><\/p>\n<p style=\"text-align: justify;\"><span style=\"color: #000000;\">Wyj\u0105tkowo\u015b\u0107 tego wielozmys\u0142owego podej\u015bcia polega na tym, \u017ce dzieci buduj\u0105 s\u0142owa (koduj\u0105), zanim naucz\u0105 si\u0119 je czyta\u0107 (dekodowa\u0107).<\/span><\/p>\n<p><span style=\"color: #000000;\">Pomoce rozwojowe do edukacji j\u0119zykowej pogrupowano wg nast\u0119puj\u0105cych kryteri\u00f3w:<\/span><\/p>\n<ol>\n<li><span style=\"color: #000000;\">Wprowadzenie do pisania<\/span><\/li>\n<li><span style=\"color: #000000;\">Pisanie<\/span><\/li>\n<li><span style=\"color: #000000;\">Czytanie<\/span><\/li>\n<li><span style=\"color: #000000;\">Elementy gramatyki<\/span><\/li>\n<\/ol>\n<p><strong><span style=\"color: #000000;\">Edukacja kosmiczna<\/span><\/strong><\/p>\n<p style=\"text-align: justify;\"><span style=\"color: #000000;\">Pomoce\u00a0zgrupowane pod nazw\u0105 edukacji kosmicznej, czy materia\u0142u kulturowego s\u0142u\u017c\u0105 przede wszystkim poszerzaniu wiedzy o otaczaj\u0105cym dziecko \u015bwiecie. Obejmuje bogaty zakres informacji\u00a0 o: poj\u0119ciu czasu, kontynentach, pa\u0144stwach, Wszech\u015bwiecie, historii, kulturze i tradycjach ludzi \u017cyj\u0105cych na ca\u0142ym \u015bwiecie, o kr\u00f3lestwie ro\u015blin i zwierz\u0105t oraz eksperymenty. Pod poj\u0119ciem edukacji kosmicznej, zmie\u015bci\u0142aby si\u0119 dzisiejsza wiedza z takich przedmiot\u00f3w jak: geografia, astronomia, geologia, biologia, historia, fizyka, chemia oraz nauka o cz\u0142owieku.<\/span><\/p>\n<p style=\"text-align: justify;\"><span style=\"color: #000000;\">Montessori chcia\u0142a, aby ka\u017cde dziecko mia\u0142o bliski kontakt z przyrod\u0105 o\u017cywion\u0105 i nieo\u017cywion\u0105, aby potrafi\u0142o dok\u0142adnie i wnikliwie obserwowa\u0107 otoczenie, uczy\u0107 si\u0119 zwi\u0105zk\u00f3w i zale\u017cno\u015bci istniej\u0105cych we Wszech\u015bwiecie, aby przywraca\u0107 harmoni\u0119 w przyrodzie i w zwi\u0105zkach mi\u0119dzy lud\u017ami. Materia\u0142y artystyczne zwi\u0105zane z ekspresj\u0105 muzyczn\u0105, plastyczn\u0105 i zr\u0119czno\u015bciow\u0105 dziecka.<\/span><\/p>\n<p style=\"text-align: justify;\">\n","protected":false},"excerpt":{"rendered":"<p>Program W pedagogice Marii Montessori nie ma \u015bcis\u0142ego podzia\u0142u w nauczaniu na przedmioty. Pomoce montessoria\u0144skie zosta\u0142y utworzone tak, aby dziecko mog\u0142o kszta\u0142ci\u0107 si\u0119 w jednym z ni\u017cej wymienionych obszar\u00f3w: Mo\u017cna go podzieli\u0107 na pi\u0119\u0107 kategorii: Materia\u0142 do \u0107wicze\u0144 z praktycznego \u017cycia \u2013 zwi\u0105zany z samoobs\u0142ug\u0105, trosk\u0105 o \u015brodowisko, zwyczajami i normami spo\u0142ecznymi. Materia\u0142 sensoryczny \u2013 rozwijaj\u0105cy poznanie zmys\u0142owe, s\u0142u\u017c\u0105cy pobudzaniu aktywno\u015bci umys\u0142owej. Materia\u0142 do nauki: j\u0119zyka, matematyki, geografii, historii, biologii, fizyki. Materia\u0142y artystyczne zwi\u0105zane z ekspresj\u0105 muzyczn\u0105, plastyczn\u0105 i zr\u0119czno\u015bciow\u0105 dziecka. Materia\u0142y religijne. \u0106wiczenia praktycznego \u017cycia Bardzo bogaty, atrakcyjny, regularnie wymieniany materia\u0142, w zale\u017cno\u015bci od pory roku i okazji. \u0106wiczenia \u017cycia codziennego maj\u0105 na celu kszta\u0142cenie precyzji ruch\u00f3w r\u0119ki, koordynacji oko \u2013 r\u0119ka, przygotowuj\u0105 do pisania, czytania, samodzielno\u015bci. Ucz\u0105 zachowania&nbsp;<a href=\"https:\/\/przedszkola-montessori.pl\/?page_id=331\" class=\"read-more\">Continue Reading<\/a><\/p>\n","protected":false},"author":1,"featured_media":0,"parent":283,"menu_order":0,"comment_status":"closed","ping_status":"closed","template":"","meta":{"footnotes":""},"class_list":["post-331","page","type-page","status-publish","hentry"],"_links":{"self":[{"href":"https:\/\/przedszkola-montessori.pl\/index.php?rest_route=\/wp\/v2\/pages\/331","targetHints":{"allow":["GET"]}}],"collection":[{"href":"https:\/\/przedszkola-montessori.pl\/index.php?rest_route=\/wp\/v2\/pages"}],"about":[{"href":"https:\/\/przedszkola-montessori.pl\/index.php?rest_route=\/wp\/v2\/types\/page"}],"author":[{"embeddable":true,"href":"https:\/\/przedszkola-montessori.pl\/index.php?rest_route=\/wp\/v2\/users\/1"}],"replies":[{"embeddable":true,"href":"https:\/\/przedszkola-montessori.pl\/index.php?rest_route=%2Fwp%2Fv2%2Fcomments&post=331"}],"version-history":[{"count":9,"href":"https:\/\/przedszkola-montessori.pl\/index.php?rest_route=\/wp\/v2\/pages\/331\/revisions"}],"predecessor-version":[{"id":865,"href":"https:\/\/przedszkola-montessori.pl\/index.php?rest_route=\/wp\/v2\/pages\/331\/revisions\/865"}],"up":[{"embeddable":true,"href":"https:\/\/przedszkola-montessori.pl\/index.php?rest_route=\/wp\/v2\/pages\/283"}],"wp:attachment":[{"href":"https:\/\/przedszkola-montessori.pl\/index.php?rest_route=%2Fwp%2Fv2%2Fmedia&parent=331"}],"curies":[{"name":"wp","href":"https:\/\/api.w.org\/{rel}","templated":true}]}}