{"id":337,"date":"2016-06-14T10:20:29","date_gmt":"2016-06-14T10:20:29","guid":{"rendered":"http:\/\/przedszkola-montessori.pl\/?page_id=337"},"modified":"2020-11-20T10:15:41","modified_gmt":"2020-11-20T10:15:41","slug":"slawni-i-montessori","status":"publish","type":"page","link":"https:\/\/przedszkola-montessori.pl\/?page_id=337","title":{"rendered":"S\u0142awni i Montessori"},"content":{"rendered":"<p>&nbsp;<\/p>\n<h1><span style=\"color: #000000;\">S\u0142awni\u00a0i Montessori<\/span><\/h1>\n<p style=\"text-align: justify;\"><strong><span style=\"color: #000000;\">W\u015br\u00f3d ludzi sukcesu, charakteryzuj\u0105cych si\u0119 <\/span><span style=\"color: #000000;\">kreatywno\u015bci\u0105 i innowacyjnym sposobem my\u015blenia, jest szereg os\u00f3b wykszta\u0142conych w duchu pedagogiki Marii Montessori:<\/span><\/strong><\/p>\n<table border=\"1\" width=\"705\" cellspacing=\"0\" cellpadding=\"1\">\n<tbody>\n<tr>\n<td width=\"232\" height=\"144\">\n<h3 style=\"margin-top: 0.05cm; margin-bottom: 0.05cm;\" align=\"CENTER\"><span style=\"font-size: medium; color: #000000;\"><b>Jimmy<br \/>\nWales<\/b><\/span><\/h3>\n<h3 style=\"margin-top: 0.05cm;\" align=\"CENTER\"><span style=\"font-size: medium; color: #000000;\">za\u0142o\u017cyciel<br \/>\nWikipedii<\/span><\/h3>\n<\/td>\n<td width=\"233\">\n<h3 style=\"margin-top: 0.05cm; margin-bottom: 0.05cm;\" align=\"CENTER\"><span style=\"font-size: medium; color: #000000;\"><b>Larry<br \/>\nPage<\/b><\/span><\/h3>\n<h3 style=\"margin-top: 0.05cm; margin-bottom: 0.05cm;\" align=\"CENTER\"><span style=\"font-size: medium; color: #000000;\"><b>Sergey<br \/>\nBrin<\/b><\/span><\/h3>\n<h3 style=\"margin-top: 0.05cm;\" align=\"CENTER\"><span style=\"font-size: medium; color: #000000;\">wsp\u00f3\u0142za\u0142o\u017cyciele<br \/>\nGoogle<\/span><\/h3>\n<\/td>\n<td width=\"232\">\n<h3 style=\"margin-top: 0.05cm; margin-bottom: 0.05cm;\" align=\"CENTER\"><span style=\"font-size: medium; color: #000000;\"><b>Jeffrey<br \/>\nBezos<\/b><\/span><\/h3>\n<h3 style=\"margin-top: 0.05cm;\" align=\"CENTER\"><span style=\"font-size: medium; color: #000000;\">za\u0142o\u017cyciel<br \/>\nAmazon.com<\/span><\/h3>\n<\/td>\n<\/tr>\n<tr>\n<td style=\"text-align: center;\" width=\"232\" height=\"144\">\n<h3><strong>Ksi\u0105\u017c\u0119<\/strong><\/h3>\n<h3><strong> William i Harry oraz<\/strong><\/h3>\n<h3><strong> ma\u0142y ksi\u0105\u017c\u0119<\/strong> <strong>George<\/strong><\/h3>\n<h3>brytyjska rodzina kr\u00f3lewska<\/h3>\n<\/td>\n<td width=\"233\">\n<h3 style=\"margin-top: 0.05cm; margin-bottom: 0.05cm;\" align=\"CENTER\"><span style=\"font-size: medium; color: #000000;\"><b>Bill<br \/>\nGates<\/b><\/span><\/h3>\n<h3 style=\"text-align: center;\">wsp\u00f3\u0142za\u0142o\u017cyciel<\/h3>\n<h3 style=\"text-align: center;\">i g\u0142\u00f3wny architekt oprogramowania\u00a0Microsoft, by\u0142y prezes<\/h3>\n<h3 style=\"text-align: center;\">zarz\u0105du Microsoft<\/h3>\n<\/td>\n<td style=\"text-align: center;\" width=\"232\">\n<h3 style=\"margin-bottom: 0cm;\" align=\"CENTER\"><span style=\"font-size: medium; color: #000000;\"><b>Mark<br \/>\nZuckerberg<\/b><\/span><\/h3>\n<h3><span style=\"font-size: medium; color: #000000;\">ameryka\u0144ski<br \/>\nprogramista, g\u0142\u00f3wny tw\u00f3rca serwisu spo\u0142eczno\u015bciowego Facebook<\/span><\/h3>\n<\/td>\n<\/tr>\n<tr>\n<td width=\"232\" height=\"144\">\n<h3 style=\"margin-top: 0.05cm; margin-bottom: 0.05cm;\" align=\"CENTER\"><span style=\"font-size: medium; color: #000000;\"><b>Jacqueline<br \/>\nKennedy Onassis<\/b><\/span><\/h3>\n<h3 style=\"margin-top: 0.05cm; margin-bottom: 0.05cm;\" align=\"CENTER\"><span style=\"font-size: medium; color: #000000;\">redaktor,<br \/>\nby\u0142a Pierwsza Dama<\/span><\/h3>\n<p style=\"margin-top: 0.05cm;\" align=\"CENTER\">\n<\/td>\n<td width=\"233\">\n<h3 style=\"margin-top: 0.05cm; margin-bottom: 0.05cm;\" align=\"CENTER\"><span style=\"font-size: medium; color: #000000;\"><b>Katherine<br \/>\nGraham<\/b><\/span><\/h3>\n<h3 style=\"margin-top: 0.05cm;\" align=\"CENTER\"><span style=\"font-size: medium; color: #000000;\">w\u0142a\u015bcicielka<br \/>\ni wydawca Washington Post<\/span><\/h3>\n<\/td>\n<td width=\"232\">\n<h3 style=\"margin-top: 0.05cm; margin-bottom: 0.05cm;\" align=\"CENTER\"><span style=\"font-size: medium; color: #000000;\"><span lang=\"en-US\"><b>Chelsea<br \/>\nClinton<\/b><\/span><\/span><\/h3>\n<h3 style=\"margin-top: 0.05cm;\" align=\"CENTER\"><span style=\"font-size: medium; color: #000000;\"><span lang=\"en-US\">c\u00f3rka<br \/>\nBilla i Hillary Clinton<\/span><\/span><\/h3>\n<\/td>\n<\/tr>\n<tr>\n<td width=\"232\" height=\"144\">\n<h3 style=\"margin-top: 0.05cm; margin-bottom: 0.05cm;\" align=\"CENTER\"><span style=\"font-size: medium; color: #000000;\"><b>Peter<br \/>\nDrucker<\/b><\/span><\/h3>\n<h3 style=\"margin-top: 0.05cm;\" align=\"CENTER\"><span style=\"font-size: medium; color: #000000;\">ojciec<br \/>\nnowoczesnej gospodarki, ekonomista<\/span><\/h3>\n<\/td>\n<td width=\"233\">\n<h3 style=\"margin-top: 0.05cm; margin-bottom: 0.05cm;\" align=\"CENTER\"><span style=\"font-size: medium; color: #000000;\"><span lang=\"en-US\"><b>Will<br \/>\nWright<\/b><\/span><\/span><\/h3>\n<h3 style=\"margin-top: 0.05cm;\" align=\"CENTER\"><span style=\"font-size: medium; color: #000000;\"><span lang=\"en-US\">tw\u00f3rca<br \/>\nSimCity, The Sims i Spore<\/span><\/span><\/h3>\n<\/td>\n<td width=\"232\">\n<h3 style=\"margin-top: 0.05cm; margin-bottom: 0.05cm;\" align=\"CENTER\"><span style=\"font-size: medium; color: #000000;\"><b>Alan<br \/>\nRickman<\/b><\/span><\/h3>\n<h3 style=\"margin-top: 0.05cm;\" align=\"CENTER\"><span style=\"font-size: medium; color: #000000;\">popularny<br \/>\nangielski aktor teatralny i re\u017cyser<\/span><\/h3>\n<\/td>\n<\/tr>\n<tr>\n<td width=\"232\" height=\"144\">\n<h3 style=\"margin-top: 0.05cm; margin-bottom: 0.05cm;\" align=\"CENTER\"><span style=\"font-size: medium; color: #000000;\"><b>George<br \/>\nClooney<\/b><\/span><\/h3>\n<h3 style=\"margin-top: 0.05cm;\" align=\"CENTER\"><span style=\"font-size: medium; color: #000000;\">aktor<\/span><\/h3>\n<\/td>\n<td width=\"233\">\n<h3 style=\"margin-top: 0.05cm; margin-bottom: 0.05cm;\" align=\"CENTER\"><span style=\"font-size: medium; color: #000000;\"><b>Beyonce<br \/>\nKnowles<\/b><\/span><\/h3>\n<h3 style=\"margin-top: 0.05cm; margin-bottom: 0.05cm;\" align=\"CENTER\"><span style=\"font-size: medium; color: #000000;\">Piosenkarka<\/span><\/h3>\n<p style=\"margin-top: 0.05cm;\" align=\"CENTER\">\n<\/td>\n<td width=\"232\">\n<h3 style=\"margin-top: 0.05cm; margin-bottom: 0.05cm;\" align=\"CENTER\"><span style=\"font-size: medium; color: #000000;\"><b>Hellen<br \/>\nHunt<\/b><\/span><\/h3>\n<h3 style=\"margin-top: 0.05cm;\" align=\"CENTER\"><span style=\"font-size: medium; color: #000000;\">aktorka,<br \/>\nzdobywczyni Oskara<\/span><\/h3>\n<\/td>\n<\/tr>\n<tr>\n<td width=\"232\" height=\"144\">\n<h3 style=\"margin-top: 0.05cm; margin-bottom: 0.05cm;\" align=\"CENTER\"><span style=\"font-size: medium; color: #000000;\"><b>Anna<br \/>\nFrank<\/b><\/span><\/h3>\n<h3 style=\"margin-top: 0.05cm;\" align=\"CENTER\"><span style=\"font-size: medium; color: #000000;\">s\u0142ynna<br \/>\nkronikarka II wojny \u015bwiatowej<\/span><\/h3>\n<\/td>\n<td valign=\"TOP\" width=\"233\">\n<h3 style=\"margin-top: 0.05cm; margin-bottom: 0.05cm;\" align=\"CENTER\"><span style=\"font-size: medium; color: #000000;\"><b>Gabriel<br \/>\nGarcia Marquez<\/b><\/span><\/h3>\n<h3 style=\"margin-top: 0.05cm;\" align=\"CENTER\"><span style=\"font-size: medium; color: #000000;\">laureat<br \/>\nNagrody Nobla<br \/>\nw dziedzinie literatury<\/span><\/h3>\n<\/td>\n<td valign=\"TOP\" width=\"232\">\n<h3 style=\"margin-top: 0.05cm; margin-bottom: 0.05cm;\" align=\"CENTER\"><span style=\"font-size: medium; color: #000000;\"><b>T.<br \/>\nBerry Brazelton<\/b><\/span><\/h3>\n<h3 style=\"margin-top: 0.05cm;\" align=\"CENTER\"><span style=\"font-size: medium; color: #000000;\">znany<br \/>\npediatra<\/span><\/h3>\n<\/td>\n<\/tr>\n<tr valign=\"TOP\">\n<td width=\"232\" height=\"144\">\n<h3 style=\"margin-top: 0.05cm; margin-bottom: 0.05cm;\" align=\"CENTER\"><span style=\"font-size: medium; color: #000000;\"><b>Joshua<br \/>\nBell<\/b><\/span><\/h3>\n<h3 style=\"margin-top: 0.05cm;\" align=\"CENTER\"><span style=\"font-size: medium; color: #000000;\">ameryka\u0144ski<br \/>\nskrzypek, posiadacz skrzypiec Stradivarius\u2019a<\/span><\/h3>\n<\/td>\n<td width=\"233\">\n<h3 style=\"margin-top: 0.05cm; margin-bottom: 0.05cm;\" align=\"CENTER\"><span style=\"font-size: medium; color: #000000;\"><b>Puff<br \/>\nDaddy<\/b><\/span><\/h3>\n<h3 style=\"margin-top: 0.05cm;\" align=\"CENTER\"><span style=\"font-size: medium; color: #000000;\">ameryka\u0144ski<br \/>\nproducent muzyczny, aktor, raper<\/span><\/h3>\n<\/td>\n<td width=\"232\">\n<h3 style=\"margin-top: 0.05cm; margin-bottom: 0.05cm;\" align=\"CENTER\"><span style=\"font-size: medium; color: #000000;\"><b>Woodrow<br \/>\nWilson<\/b><\/span><\/h3>\n<h3 style=\"margin-top: 0.05cm;\" align=\"CENTER\"><span style=\"font-size: medium; color: #000000;\">prezydent<br \/>\ni jego c\u00f3rka Edith<\/span><\/h3>\n<\/td>\n<\/tr>\n<tr>\n<td width=\"232\" height=\"143\">\n<h3 style=\"margin-top: 0.05cm; margin-bottom: 0.05cm;\" align=\"CENTER\"><span style=\"font-size: medium; color: #000000;\"><b>Hugh<br \/>\nGrant<\/b><\/span><\/h3>\n<h3 style=\"margin-top: 0.05cm; margin-bottom: 0.05cm;\" align=\"CENTER\"><span style=\"font-size: medium; color: #000000;\">angielski<br \/>\naktor<\/span><\/h3>\n<p style=\"margin-top: 0.05cm;\" align=\"CENTER\">\n<\/td>\n<td width=\"233\">\n<h3 style=\"margin-bottom: 0cm;\" align=\"CENTER\"><span style=\"font-size: medium; color: #000000;\"><b>Julia<br \/>\nChild<\/b><\/span><\/h3>\n<h3 align=\"CENTER\"><span style=\"font-size: medium; color: #000000;\">ameryka\u0144ska kucharka, autorka ksi\u0105\u017cek<br \/>\ni program\u00f3w kulinarnych<\/span><\/h3>\n<\/td>\n<td width=\"232\">\n<h3 style=\"margin-top: 0.05cm; margin-bottom: 0.05cm;\" align=\"CENTER\"><span style=\"font-size: medium; color: #000000;\"><span lang=\"en-US\"><b>Friedensreich<br \/>\nHundertwasser<\/b><\/span><\/span><\/h3>\n<h3 style=\"margin-bottom: 0cm;\" align=\"CENTER\"><span style=\"font-size: medium; color: #000000;\"><span lang=\"en-US\">austriacki<br \/>\nmalarz i architekt<\/span><\/span><\/h3>\n<p lang=\"en-US\" align=\"CENTER\">\n<\/td>\n<\/tr>\n<\/tbody>\n<\/table>\n<h3 style=\"text-align: left;\"><span style=\"color: #000080;\"><a style=\"color: #000080;\" name=\"_GoBack\"><\/a><span style=\"color: #000000;\">Oraz <\/span><\/span><span style=\"color: #000000;\">inni s\u0142awni ludzie, na \u017cycie kt\u00f3rych metoda Montessori mia\u0142a niew\u0105tpliwy wp\u0142yw:<\/span><\/h3>\n<table border=\"1\" width=\"705\" cellspacing=\"0\" cellpadding=\"1\">\n<tbody>\n<tr>\n<td width=\"191\" height=\"143\">\n<h3 style=\"margin-top: 0.05cm; margin-bottom: 0.05cm;\" align=\"CENTER\"><span style=\"font-size: medium; color: #000000;\"><b>Alexander<br \/>\nGraham Bell<\/b><\/span><\/h3>\n<h3 style=\"margin-top: 0.05cm;\" align=\"CENTER\"><span style=\"font-size: medium; color: #000080;\"><span style=\"color: #000000;\">znakomity<\/span><br \/>\n<span style=\"color: #000000;\"> wynalazca, udzieli\u0142 finansowego wsparcia bezpo\u015brednio Marii<\/span><br \/>\n<span style=\"color: #000000;\"> Montessori. Pom\u00f3g\u0142 w za\u0142o\u017ceniu pierwszej klasy Montessori w<\/span><br \/>\n<span style=\"color: #000000;\"> Kanadzie i<\/span> <span style=\"color: #000000;\">jednej z pierwszych w Stanach Zjednoczonych.<\/span><\/span><\/h3>\n<\/td>\n<td width=\"162\">\n<h3 style=\"margin-bottom: 0cm;\" align=\"CENTER\"><span style=\"color: #000000;\"><span style=\"font-size: medium;\"><b>Thomas<br \/>\nEdison<\/b><\/span><span style=\"font-size: medium;\">,<\/span><\/span><\/h3>\n<h3 style=\"margin-bottom: 0cm;\" align=\"CENTER\"><span style=\"font-size: medium; color: #000000;\">wybitny<br \/>\nnaukowiec i wynalazca, pom\u00f3g\u0142 za\u0142o\u017cy\u0107 szko\u0142\u0119 Montessori<\/span><\/h3>\n<p style=\"margin-top: 0.05cm;\" align=\"CENTER\">\n<\/td>\n<td width=\"178\">\n<h3 style=\"margin-top: 0.05cm; margin-bottom: 0.05cm;\" align=\"CENTER\"><span style=\"font-size: medium; color: #000000;\"><b>Erik<br \/>\nErikson<\/b><\/span><\/h3>\n<h3 style=\"margin-top: 0.05cm; margin-bottom: 0.05cm;\" align=\"CENTER\"><span style=\"color: #000000;\"><span style=\"font-size: medium;\">ameryka\u0144ski<br \/>\n<\/span><a style=\"color: #000000;\" href=\"https:\/\/pl.wikipedia.org\/wiki\/Psychoanaliza\"><span style=\"font-size: medium;\"><span style=\"text-decoration: none;\">psychoanalityk<\/span><\/span><\/a><span style=\"font-size: medium;\"><br \/>\ni <\/span><a style=\"color: #000000;\" href=\"https:\/\/pl.wikipedia.org\/wiki\/Psychologia_rozwoju_cz%C5%82owieka\"><span style=\"font-size: medium;\"><span style=\"text-decoration: none;\">psycholog<br \/>\nrozwoju cz\u0142owieka<\/span><\/span><\/a><span style=\"font-size: medium;\">, tw\u00f3rca<br \/>\n<\/span><a style=\"color: #000000;\" href=\"https:\/\/pl.wikipedia.org\/wiki\/Teoria_rozwoju_psychospo%C5%82ecznego\"><span style=\"font-size: medium;\"><span style=\"text-decoration: none;\">teorii<br \/>\nrozwoju psychospo\u0142ecznego<\/span><\/span><\/a><span style=\"font-size: medium;\"><br \/>\nposiada\u0142 dyplom nauczyciela Montessori.<\/span><\/span><\/h3>\n<p align=\"CENTER\">\n<\/td>\n<td valign=\"TOP\" width=\"164\">\n<h3 style=\"margin-top: 0.05cm; margin-bottom: 0.05cm;\" align=\"CENTER\"><span style=\"font-size: medium; color: #000000;\"><b>Jean<br \/>\nPiaget<\/b><\/span><\/h3>\n<h3 style=\"margin-top: 0.05cm; margin-bottom: 0.05cm;\" align=\"CENTER\"><span style=\"font-size: medium; color: #000000;\">uznany<br \/>\npsycholog, poczyni\u0142 swoje pierwsze obserwacje w szkole Montessori.<\/span><\/h3>\n<p style=\"margin-top: 0.05cm;\" align=\"CENTER\"><span style=\"color: #000000;\">\u00a0<\/span><\/p>\n<\/td>\n<\/tr>\n<\/tbody>\n<\/table>\n<p style=\"margin-top: 0.05cm; margin-bottom: 0.05cm; line-height: 100%;\"><span style=\"font-family: 'Times New Roman',serif;\"><span style=\"font-size: medium;\"><span style=\"font-family: Calibri,serif;\"><span style=\"font-size: xx-small;\">\u0179r\u00f3d\u0142o:<br \/>\ntekst i zdj\u0119cia Internet<\/span><\/span><\/span><\/span><\/p>\n<p>&nbsp;<\/p>\n","protected":false},"excerpt":{"rendered":"<p>&nbsp; S\u0142awni\u00a0i Montessori W\u015br\u00f3d ludzi sukcesu, charakteryzuj\u0105cych si\u0119 kreatywno\u015bci\u0105 i innowacyjnym sposobem my\u015blenia, jest szereg os\u00f3b wykszta\u0142conych w duchu pedagogiki Marii Montessori: Jimmy Wales za\u0142o\u017cyciel Wikipedii Larry Page Sergey Brin wsp\u00f3\u0142za\u0142o\u017cyciele Google Jeffrey Bezos za\u0142o\u017cyciel Amazon.com Ksi\u0105\u017c\u0119 William i Harry oraz ma\u0142y ksi\u0105\u017c\u0119 George brytyjska rodzina kr\u00f3lewska Bill Gates wsp\u00f3\u0142za\u0142o\u017cyciel i g\u0142\u00f3wny architekt oprogramowania\u00a0Microsoft, by\u0142y prezes zarz\u0105du Microsoft Mark Zuckerberg ameryka\u0144ski programista, g\u0142\u00f3wny tw\u00f3rca serwisu spo\u0142eczno\u015bciowego Facebook Jacqueline Kennedy Onassis redaktor, by\u0142a Pierwsza Dama Katherine Graham w\u0142a\u015bcicielka i wydawca Washington Post Chelsea Clinton c\u00f3rka Billa i Hillary Clinton Peter Drucker ojciec nowoczesnej gospodarki, ekonomista Will Wright tw\u00f3rca SimCity, The Sims i Spore Alan Rickman popularny angielski aktor teatralny i re\u017cyser George Clooney aktor Beyonce Knowles Piosenkarka Hellen Hunt aktorka, zdobywczyni&nbsp;<a href=\"https:\/\/przedszkola-montessori.pl\/?page_id=337\" class=\"read-more\">Continue Reading<\/a><\/p>\n","protected":false},"author":1,"featured_media":0,"parent":283,"menu_order":0,"comment_status":"closed","ping_status":"closed","template":"page-fullwidth.php","meta":{"footnotes":""},"class_list":["post-337","page","type-page","status-publish","hentry"],"_links":{"self":[{"href":"https:\/\/przedszkola-montessori.pl\/index.php?rest_route=\/wp\/v2\/pages\/337","targetHints":{"allow":["GET"]}}],"collection":[{"href":"https:\/\/przedszkola-montessori.pl\/index.php?rest_route=\/wp\/v2\/pages"}],"about":[{"href":"https:\/\/przedszkola-montessori.pl\/index.php?rest_route=\/wp\/v2\/types\/page"}],"author":[{"embeddable":true,"href":"https:\/\/przedszkola-montessori.pl\/index.php?rest_route=\/wp\/v2\/users\/1"}],"replies":[{"embeddable":true,"href":"https:\/\/przedszkola-montessori.pl\/index.php?rest_route=%2Fwp%2Fv2%2Fcomments&post=337"}],"version-history":[{"count":27,"href":"https:\/\/przedszkola-montessori.pl\/index.php?rest_route=\/wp\/v2\/pages\/337\/revisions"}],"predecessor-version":[{"id":839,"href":"https:\/\/przedszkola-montessori.pl\/index.php?rest_route=\/wp\/v2\/pages\/337\/revisions\/839"}],"up":[{"embeddable":true,"href":"https:\/\/przedszkola-montessori.pl\/index.php?rest_route=\/wp\/v2\/pages\/283"}],"wp:attachment":[{"href":"https:\/\/przedszkola-montessori.pl\/index.php?rest_route=%2Fwp%2Fv2%2Fmedia&parent=337"}],"curies":[{"name":"wp","href":"https:\/\/api.w.org\/{rel}","templated":true}]}}