{"id":877,"date":"2024-12-06T12:06:16","date_gmt":"2024-12-06T12:06:16","guid":{"rendered":"http:\/\/przedszkola-montessori.pl\/?page_id=877"},"modified":"2026-04-01T09:47:11","modified_gmt":"2026-04-01T09:47:11","slug":"projekt-ue","status":"publish","type":"page","link":"https:\/\/przedszkola-montessori.pl\/?page_id=877","title":{"rendered":"PROJEKT UE"},"content":{"rendered":"\n<figure class=\"wp-block-image size-large\"><a href=\"http:\/\/przedszkola-montessori.pl\/wp-content\/uploads\/2025\/01\/stopka.jpg\"><img loading=\"lazy\" decoding=\"async\" width=\"1024\" height=\"110\" src=\"http:\/\/przedszkola-montessori.pl\/wp-content\/uploads\/2025\/01\/stopka-1024x110.jpg\" alt=\"\" class=\"wp-image-882\" srcset=\"https:\/\/przedszkola-montessori.pl\/wp-content\/uploads\/2025\/01\/stopka-1024x110.jpg 1024w, https:\/\/przedszkola-montessori.pl\/wp-content\/uploads\/2025\/01\/stopka-300x32.jpg 300w, https:\/\/przedszkola-montessori.pl\/wp-content\/uploads\/2025\/01\/stopka-768x82.jpg 768w, https:\/\/przedszkola-montessori.pl\/wp-content\/uploads\/2025\/01\/stopka-1536x165.jpg 1536w, https:\/\/przedszkola-montessori.pl\/wp-content\/uploads\/2025\/01\/stopka.jpg 1890w\" sizes=\"auto, (max-width: 1024px) 100vw, 1024px\" \/><\/a><\/figure>\n\n\n\n<p>Tytu\u0142 projektu:<br><strong>Rozw\u00f3j edukacji w Przedszkolu Montessori w Bielsku-Bia\u0142ej.<\/strong><\/p>\n\n\n\n<p>W ramach projektu zaplanowano dzia\u0142ania:<\/p>\n\n\n\n<ul class=\"wp-block-list\">\n<li>realizacj\u0119 zaj\u0119\u0107 dodatkowych dla dzieci ucz\u0119szczaj\u0105cych do przedszkola;<\/li>\n\n\n\n<li>realizacj\u0119 szkole\u0144 nauczycieli przedszkola;<\/li>\n\n\n\n<li>szkolenia dla rodzic\u00f3w;<\/li>\n\n\n\n<li>doposa\u017cenie przedszkola w sprz\u0119t i pomoce dydaktyczne.;<\/li>\n<\/ul>\n\n\n\n<p>Wsparcie jest skierowane do:<\/p>\n\n\n\n<ul class=\"wp-block-list\">\n<li>100 dzieci (55 dziewczynek i 45 ch\u0142opc\u00f3w);<\/li>\n\n\n\n<li>10 nauczycieli (10 kobiet);<\/li>\n\n\n\n<li>30 rodzic\u00f3w (20 kobiet i 10 m\u0119\u017cczyzn).<\/li>\n<\/ul>\n\n\n\n<p>Dzia\u0142ania w projekcie s\u0105 zgodnie z przeprowadzon\u0105 diagnoz\u0105 w V 2023 r. przez dyrekcj\u0119 Przedszkola, kt\u00f3ra wykaza\u0142a potrzeb\u0119 m.in, realizacji zaj\u0119\u0107 dodatkowych dla dzieci i szkole\u0144 dla nauczycieli. W proj. b\u0119d\u0105 zaj\u0119cia specjalistyczne: m.in. zaj\u0119cia korekcyjno-kompensacyjne, logopedyczne, z zaj\u0119cia terapeutyczne, dogoterapia, dzia\u0142ania upowszechniaj\u0105ce postawy prozdrowotne, zaj\u0119cia rozwijaj\u0105ce kompetencje kluczowe, m.in. przyrodniczo-ekologiczne, zaj\u0119cia informatyczne, kodowanie, zaj\u0119cia rozwijaj\u0105ce kreatywno\u015b\u0107 i innowacyjno\u015b\u0107, a tak\u017ce preorientacja zawodowa.<br>Podniesienie kompetencji zawodowych n-li poprzez kursy i szkolenia w zakresie nowych metod nauczania i terapii dzieci, w tym dzieci ze specjalnymi potrzebami oraz z niepe\u0142nosprawno\u015bciami przyczyni si\u0119 do podniesienia jako\u015bci kszta\u0142cenia dzieci.<br>Zaplanowano tak\u017ce dzia\u0142ania dla rodzic\u00f3w dzieci: warsztaty dotycz\u0105ce psychologii i rozwoju dzieci spotkania z psychologiem, terapeut\u0105. Montessori w pigu\u0142ce &#8211; potrzeby rozw\u00f3j. dziecka.<br>Zakupiony sprz\u0119t i pomoce dydaktyczne b\u0119d\u0105 wykorzystywane podczas realizacji zaj\u0119\u0107 w projekcie oraz po jego zako\u0144czeniu.<\/p>\n\n\n\n<p>Okres realizacji projektu: od 01.09.2024 r. do 28.02.2027 r.<\/p>\n\n\n\n<p>Do\ufb01nansowanie projektu z UE: 1017693,40 PLN<\/p>\n\n\n\n<p><\/p>\n\n\n\n<p class=\"has-text-align-center\"><strong>REGULAMIN PROJEKTU I REKRUTACJI<\/strong><\/p>\n\n\n\n<p><a href=\"http:\/\/przedszkola-montessori.pl\/wp-content\/uploads\/2025\/04\/Regulamin-projektu-i-rekrutacji.pdf\">REGULAMIN PROJEKTU I REKRUTACJI PDF<\/a><\/p>\n\n\n\n<p class=\"has-text-align-center\"><strong>HARMONOGRAM FORM WSPARCIA<\/strong><\/p>\n\n\n\n<p><a href=\"http:\/\/przedszkola-montessori.pl\/wp-content\/uploads\/2025\/04\/KWIECIEN-2025_2.pdf\" target=\"_blank\" rel=\"noreferrer noopener\">KWIECIE\u0143 2025<\/a><\/p>\n\n\n\n<p><a href=\"http:\/\/przedszkola-montessori.pl\/wp-content\/uploads\/2025\/05\/MAJ-2025_4.pdf\">MAJ 2025<\/a><\/p>\n\n\n\n<p><a href=\"http:\/\/przedszkola-montessori.pl\/wp-content\/uploads\/2025\/06\/CZERWIEC-2025_4.pdf\">CZERWIEC 2025<\/a><\/p>\n\n\n\n<p><a href=\"http:\/\/przedszkola-montessori.pl\/wp-content\/uploads\/2025\/07\/LIPIEC-2025_3.pdf\">LIPIEC 2025<\/a><\/p>\n\n\n\n<p><a href=\"http:\/\/przedszkola-montessori.pl\/wp-content\/uploads\/2025\/08\/SIERPIEN-2025_2.pdf\">SIERPIE\u0143 2025<\/a><\/p>\n\n\n\n<p><a href=\"http:\/\/przedszkola-montessori.pl\/wp-content\/uploads\/2025\/09\/WRZESIEN-2025_6.pdf\">WRZESIE\u0143 2025<\/a><\/p>\n\n\n\n<p><a href=\"http:\/\/przedszkola-montessori.pl\/wp-content\/uploads\/2025\/10\/PAZDZIERNIK-2025_4.pdf\" data-type=\"link\" data-id=\"http:\/\/przedszkola-montessori.pl\/wp-content\/uploads\/2025\/09\/WR-2025_6.pdf\">PA\u0179DZIERNIK 2025<\/a><\/p>\n\n\n\n<p><a href=\"http:\/\/przedszkola-montessori.pl\/wp-content\/uploads\/2025\/11\/LISTOPAD-2025_3.pdf\">LISTOPAD 2025<\/a><\/p>\n\n\n\n<p><a href=\"http:\/\/przedszkola-montessori.pl\/wp-content\/uploads\/2025\/12\/GRUDZIEN-2025_3.pdf\">GRUDZIE\u0143 2025<\/a><\/p>\n\n\n\n<p><a href=\"http:\/\/przedszkola-montessori.pl\/wp-content\/uploads\/2026\/01\/STYCZEN-2026_2.pdf\">STYCZE\u0143 2026<\/a><\/p>\n\n\n\n<p><a href=\"http:\/\/przedszkola-montessori.pl\/wp-content\/uploads\/2026\/02\/LUTY-2026_2.pdf\">LUTY 2026<\/a><\/p>\n\n\n\n<p><a href=\"http:\/\/przedszkola-montessori.pl\/wp-content\/uploads\/2026\/03\/MARZEC-2026_2.pdf\">MARZEC 2026<\/a><\/p>\n\n\n\n<p><a href=\"http:\/\/przedszkola-montessori.pl\/wp-content\/uploads\/2026\/04\/KWIECIEN-2026.pdf\">KWIECIE\u0143 2026<\/a><\/p>\n\n\n\n<p><\/p>\n","protected":false},"excerpt":{"rendered":"<p>Tytu\u0142 projektu:Rozw\u00f3j edukacji w Przedszkolu Montessori w Bielsku-Bia\u0142ej. W ramach projektu zaplanowano dzia\u0142ania: Wsparcie jest skierowane do: Dzia\u0142ania w projekcie s\u0105 zgodnie z przeprowadzon\u0105 diagnoz\u0105 w V 2023 r. przez dyrekcj\u0119 Przedszkola, kt\u00f3ra wykaza\u0142a potrzeb\u0119 m.in, realizacji zaj\u0119\u0107 dodatkowych dla dzieci i szkole\u0144 dla nauczycieli. W proj. b\u0119d\u0105 zaj\u0119cia specjalistyczne: m.in. zaj\u0119cia korekcyjno-kompensacyjne, logopedyczne, z zaj\u0119cia terapeutyczne, dogoterapia, dzia\u0142ania upowszechniaj\u0105ce postawy prozdrowotne, zaj\u0119cia rozwijaj\u0105ce kompetencje kluczowe, m.in. przyrodniczo-ekologiczne, zaj\u0119cia informatyczne, kodowanie, zaj\u0119cia rozwijaj\u0105ce kreatywno\u015b\u0107 i innowacyjno\u015b\u0107, a tak\u017ce preorientacja zawodowa.Podniesienie kompetencji zawodowych n-li poprzez kursy i szkolenia w zakresie nowych metod nauczania i terapii dzieci, w tym dzieci ze specjalnymi potrzebami oraz z niepe\u0142nosprawno\u015bciami przyczyni si\u0119 do podniesienia jako\u015bci kszta\u0142cenia dzieci.Zaplanowano tak\u017ce dzia\u0142ania dla rodzic\u00f3w dzieci: warsztaty dotycz\u0105ce psychologii i&nbsp;<a href=\"https:\/\/przedszkola-montessori.pl\/?page_id=877\" class=\"read-more\">Continue Reading<\/a><\/p>\n","protected":false},"author":2,"featured_media":0,"parent":0,"menu_order":0,"comment_status":"closed","ping_status":"closed","template":"","meta":{"footnotes":""},"class_list":["post-877","page","type-page","status-publish","hentry"],"_links":{"self":[{"href":"https:\/\/przedszkola-montessori.pl\/index.php?rest_route=\/wp\/v2\/pages\/877","targetHints":{"allow":["GET"]}}],"collection":[{"href":"https:\/\/przedszkola-montessori.pl\/index.php?rest_route=\/wp\/v2\/pages"}],"about":[{"href":"https:\/\/przedszkola-montessori.pl\/index.php?rest_route=\/wp\/v2\/types\/page"}],"author":[{"embeddable":true,"href":"https:\/\/przedszkola-montessori.pl\/index.php?rest_route=\/wp\/v2\/users\/2"}],"replies":[{"embeddable":true,"href":"https:\/\/przedszkola-montessori.pl\/index.php?rest_route=%2Fwp%2Fv2%2Fcomments&post=877"}],"version-history":[{"count":69,"href":"https:\/\/przedszkola-montessori.pl\/index.php?rest_route=\/wp\/v2\/pages\/877\/revisions"}],"predecessor-version":[{"id":1041,"href":"https:\/\/przedszkola-montessori.pl\/index.php?rest_route=\/wp\/v2\/pages\/877\/revisions\/1041"}],"wp:attachment":[{"href":"https:\/\/przedszkola-montessori.pl\/index.php?rest_route=%2Fwp%2Fv2%2Fmedia&parent=877"}],"curies":[{"name":"wp","href":"https:\/\/api.w.org\/{rel}","templated":true}]}}